{"id":3350,"date":"2022-02-16T13:48:13","date_gmt":"2022-02-16T13:48:13","guid":{"rendered":"https:\/\/aisstechnologies.com\/?page_id=3350"},"modified":"2022-02-16T14:51:31","modified_gmt":"2022-02-16T14:51:31","slug":"interakciok","status":"publish","type":"page","link":"https:\/\/aisstechnologies.com\/hu\/interakciok\/","title":{"rendered":"Interakci\u00f3k"},"content":{"rendered":"<p>[et_pb_section fb_built=&#8221;1&#8243; disabled_on=&#8221;off|on|on&#8221; admin_label=&#8221;Mobile&#8221; _builder_version=&#8221;4.14.7&#8243; _module_preset=&#8221;default&#8221; custom_padding=&#8221;0px|0px|0px|0px|false|true&#8221; global_colors_info=&#8221;{}&#8221;][et_pb_row use_custom_gutter=&#8221;on&#8221; gutter_width=&#8221;1&#8243; _builder_version=&#8221;4.14.7&#8243; _module_preset=&#8221;default&#8221; width=&#8221;100%&#8221; max_width=&#8221;100%&#8221; custom_padding=&#8221;0px||0px||false|false&#8221; global_colors_info=&#8221;{}&#8221;][et_pb_column type=&#8221;4_4&#8243; _builder_version=&#8221;4.14.7&#8243; _module_preset=&#8221;default&#8221; global_colors_info=&#8221;{}&#8221;][et_pb_image src=&#8221;https:\/\/aisstechnologies.com\/wp-content\/uploads\/2022\/02\/interactions.png&#8221; alt=&#8221;Interactions category image&#8221; title_text=&#8221;interactions&#8221; _builder_version=&#8221;4.14.7&#8243; _module_preset=&#8221;default&#8221; global_colors_info=&#8221;{}&#8221;][\/et_pb_image][\/et_pb_column][\/et_pb_row][\/et_pb_section][et_pb_section fb_built=&#8221;1&#8243; admin_label=&#8221;Interactions &#8211; Header section&#8221; _builder_version=&#8221;4.14.7&#8243; background_image=&#8221;https:\/\/aisstechnologies.com\/wp-content\/uploads\/2021\/10\/web-dev-04.png&#8221; custom_padding=&#8221;0px|0px|0px|0px&#8221; animation_style=&#8221;zoom&#8221; animation_intensity_zoom=&#8221;4%&#8221; global_colors_info=&#8221;{}&#8221;][et_pb_row column_structure=&#8221;1_2,1_2&#8243; use_custom_gutter=&#8221;on&#8221; gutter_width=&#8221;1&#8243; make_equal=&#8221;on&#8221; module_class=&#8221; et_pb_row_fullwidth&#8221; _builder_version=&#8221;4.14.7&#8243; background_enable_color=&#8221;off&#8221; background_enable_image=&#8221;off&#8221; width=&#8221;100%&#8221; width_tablet=&#8221;100%&#8221; width_phone=&#8221;&#8221; width_last_edited=&#8221;on|desktop&#8221; max_width=&#8221;100%&#8221; max_width_tablet=&#8221;100%&#8221; max_width_phone=&#8221;&#8221; max_width_last_edited=&#8221;on|desktop&#8221; custom_padding=&#8221;0px||0px|&#8221; animation_style=&#8221;slide&#8221; animation_direction=&#8221;top&#8221; animation_intensity_slide=&#8221;3%&#8221; make_fullwidth=&#8221;on&#8221; global_colors_info=&#8221;{}&#8221;][et_pb_column type=&#8221;1_2&#8243; _builder_version=&#8221;4.14.7&#8243; custom_padding=&#8221;10%|8%|10%|10%|false|false&#8221; global_colors_info=&#8221;{}&#8221; custom_padding__hover=&#8221;|||&#8221;][et_pb_text _builder_version=&#8221;4.14.7&#8243; custom_margin=&#8221;||10px||false|false&#8221; locked=&#8221;off&#8221; global_colors_info=&#8221;{}&#8221;]<\/p>\n<h2>Interakci\u00f3 mindenhol<\/h2>\n<p>[\/et_pb_text][et_pb_text _builder_version=&#8221;4.14.7&#8243; header_font_size_tablet=&#8221;40px&#8221; header_font_size_phone=&#8221;24px&#8221; header_font_size_last_edited=&#8221;on|phone&#8221; locked=&#8221;off&#8221; global_colors_info=&#8221;{}&#8221;]<\/p>\n<h1>Interakci\u00f3k<\/h1>\n<p>[\/et_pb_text][et_pb_text _builder_version=&#8221;4.14.7&#8243; text_text_color=&#8221;#676879&#8243; text_font_size=&#8221;22px&#8221; text_line_height=&#8221;2em&#8221; text_font_size_tablet=&#8221;15px&#8221; text_font_size_phone=&#8221;14px&#8221; text_font_size_last_edited=&#8221;on|phone&#8221; locked=&#8221;off&#8221; global_colors_info=&#8221;{}&#8221;]Tudj meg t\u00f6bbet arr\u00f3l, hogyan seg\u00edt\u00fcnk ott \u00e9s akkor l\u00e9trehozni \u00fcgyf\u00e9linterakci\u00f3kat ahol ez a legfontosabb[\/et_pb_text][et_pb_button button_url=&#8221;https:\/\/aisstechnologies.com\/hu\/hirlevel\/&#8221; button_text=&#8221;Feliratkozok a h\u00edrlev\u00e9lre&#8221; button_alignment=&#8221;left&#8221; _builder_version=&#8221;4.14.7&#8243; button_icon=&#8221;&#x24;||divi||400&#8243; button_on_hover=&#8221;off&#8221; custom_margin=&#8221;30px||||false|false&#8221; custom_padding=&#8221;16px|36px|16px|22px|true|false&#8221; locked=&#8221;off&#8221; global_colors_info=&#8221;{}&#8221; custom_padding__hover=&#8221;|40px||26px|true|false&#8221; custom_padding__hover_enabled=&#8221;on|hover&#8221; global_module=&#8221;3364&#8243; theme_builder_area=&#8221;post_content&#8221;][\/et_pb_button][\/et_pb_column][et_pb_column type=&#8221;1_2&#8243; _builder_version=&#8221;4.14.7&#8243; background_image=&#8221;https:\/\/aisstechnologies.com\/wp-content\/uploads\/2022\/02\/interactions.png&#8221; background_position=&#8221;center_left&#8221; custom_padding=&#8221;|||&#8221; global_colors_info=&#8221;{}&#8221; custom_padding__hover=&#8221;|||&#8221;][\/et_pb_column][\/et_pb_row][\/et_pb_section][et_pb_section fb_built=&#8221;1&#8243; _builder_version=&#8221;4.14.7&#8243; _module_preset=&#8221;default&#8221; custom_padding=&#8221;||0px||false|false&#8221; global_module=&#8221;3358&#8243; saved_tabs=&#8221;all&#8221; global_colors_info=&#8221;{}&#8221;][et_pb_row module_class=&#8221;button-row&#8221; _builder_version=&#8221;4.14.7&#8243; _module_preset=&#8221;default&#8221; module_alignment=&#8221;center&#8221; custom_padding=&#8221;0px||0px||false|false&#8221; global_colors_info=&#8221;{}&#8221;][et_pb_column type=&#8221;4_4&#8243; _builder_version=&#8221;4.14.7&#8243; _module_preset=&#8221;default&#8221; global_colors_info=&#8221;{}&#8221;][et_pb_button button_url=&#8221;https:\/\/aisstechnologies.com\/hu\/esettanulmanyok\/&#8221; button_text=&#8221;Esettanulm\u00e1nyok&#8221; button_alignment=&#8221;center&#8221; _builder_version=&#8221;4.14.7&#8243; _module_preset=&#8221;default&#8221; custom_button=&#8221;on&#8221; button_text_color=&#8221;#323031&#8243; button_bg_color=&#8221;#FFFFFF&#8221; button_border_color=&#8221;#42BFBA&#8221; custom_padding=&#8221;0.56em||0.56em||true|false&#8221; locked=&#8221;off&#8221; global_colors_info=&#8221;{}&#8221;][\/et_pb_button][et_pb_button button_url=&#8221;https:\/\/aisstechnologies.com\/hu\/digital-signage\/&#8221; button_text=&#8221;Digital signage&#8221; button_alignment=&#8221;center&#8221; _builder_version=&#8221;4.14.7&#8243; _module_preset=&#8221;default&#8221; custom_button=&#8221;on&#8221; button_text_color=&#8221;#323031&#8243; button_bg_color=&#8221;#FFFFFF&#8221; button_border_color=&#8221;#42BFBA&#8221; custom_padding=&#8221;0.56em||0.56em||true|false&#8221; locked=&#8221;off&#8221; global_colors_info=&#8221;{}&#8221;][\/et_pb_button][et_pb_button button_url=&#8221;https:\/\/aisstechnologies.com\/hu\/hirek\/&#8221; button_text=&#8221;H\u00edrek&#8221; button_alignment=&#8221;center&#8221; _builder_version=&#8221;4.14.7&#8243; _module_preset=&#8221;default&#8221; custom_button=&#8221;on&#8221; button_text_color=&#8221;#323031&#8243; button_bg_color=&#8221;#FFFFFF&#8221; button_border_color=&#8221;#42BFBA&#8221; custom_padding=&#8221;0.56em||0.56em||true|false&#8221; locked=&#8221;off&#8221; global_colors_info=&#8221;{}&#8221;][\/et_pb_button][et_pb_button button_url=&#8221;https:\/\/aisstechnologies.com\/hu\/esemenyek\/&#8221; button_text=&#8221;Esem\u00e9nyek&#8221; button_alignment=&#8221;center&#8221; _builder_version=&#8221;4.14.7&#8243; _module_preset=&#8221;default&#8221; custom_button=&#8221;on&#8221; button_text_color=&#8221;#323031&#8243; button_bg_color=&#8221;#FFFFFF&#8221; button_border_color=&#8221;#42BFBA&#8221; custom_padding=&#8221;0.56em||0.56em||true|false&#8221; locked=&#8221;off&#8221; global_colors_info=&#8221;{}&#8221;][\/et_pb_button][\/et_pb_column][\/et_pb_row][\/et_pb_section][et_pb_section fb_built=&#8221;1&#8243; admin_label=&#8221;Blog&#8221; _builder_version=&#8221;4.14.7&#8243; z_index=&#8221;11&#8243; custom_padding=&#8221;0px||||false|false&#8221; global_colors_info=&#8221;{}&#8221;][et_pb_row column_structure=&#8221;2_3,1_3&#8243; make_equal=&#8221;on&#8221; _builder_version=&#8221;4.14.7&#8243; custom_padding=&#8221;||0px|||&#8221; global_colors_info=&#8221;{}&#8221;][et_pb_column type=&#8221;2_3&#8243; _builder_version=&#8221;4.14.4&#8243; global_colors_info=&#8221;{}&#8221;][et_pb_post_slider posts_number=&#8221;1&#8243; excerpt_length=&#8221;340&#8243; bg_overlay_color=&#8221;rgba(50,48,49,0.5)&#8221; module_class=&#8221;custom-element&#8221; _builder_version=&#8221;4.14.7&#8243; _module_preset=&#8221;default&#8221; header_font_size=&#8221;20px&#8221; background_color=&#8221;#FFFFFF&#8221; height=&#8221;100%&#8221; border_radii=&#8221;on|20px|20px|20px|20px&#8221; box_shadow_style=&#8221;preset3&#8243; global_colors_info=&#8221;{}&#8221;][\/et_pb_post_slider][\/et_pb_column][et_pb_column type=&#8221;1_3&#8243; _builder_version=&#8221;4.14.7&#8243; border_radii=&#8221;on|20px|20px|20px|20px&#8221; border_width_all=&#8221;0px&#8221; box_shadow_style=&#8221;preset3&#8243; global_colors_info=&#8221;{}&#8221;][et_pb_blog fullwidth=&#8221;off&#8221; posts_number=&#8221;1&#8243; include_categories=&#8221;all&#8221; excerpt_length=&#8221;100&#8243; show_more=&#8221;on&#8221; show_author=&#8221;off&#8221; show_date=&#8221;off&#8221; show_pagination=&#8221;off&#8221; offset_number=&#8221;1&#8243; module_class=&#8221;c-blog-grid c-small-blog&#8221; _builder_version=&#8221;4.14.7&#8243; _module_preset=&#8221;default&#8221; header_text_color=&#8221;#323031&#8243; header_font_size=&#8221;20px&#8221; meta_font=&#8221;|||on|||||&#8221; meta_text_color=&#8221;#42BFBA&#8221; meta_letter_spacing=&#8221;2px&#8221; height=&#8221;100%&#8221; border_radii=&#8221;on|20px|20px|20px|20px&#8221; border_width_all=&#8221;0px&#8221; global_colors_info=&#8221;{}&#8221;][\/et_pb_blog][\/et_pb_column][\/et_pb_row][\/et_pb_section][et_pb_section fb_built=&#8221;1&#8243; _builder_version=&#8221;4.14.7&#8243; _module_preset=&#8221;default&#8221; global_colors_info=&#8221;{}&#8221;][et_pb_row _builder_version=&#8221;4.14.4&#8243; _module_preset=&#8221;default&#8221; global_colors_info=&#8221;{}&#8221;][et_pb_column type=&#8221;4_4&#8243; _builder_version=&#8221;4.14.4&#8243; _module_preset=&#8221;default&#8221; global_colors_info=&#8221;{}&#8221;][et_pb_blog fullwidth=&#8221;off&#8221; posts_number=&#8221;12&#8243; include_categories=&#8221;all&#8221; show_more=&#8221;on&#8221; show_author=&#8221;off&#8221; show_date=&#8221;off&#8221; offset_number=&#8221;2&#8243; module_class=&#8221;c-blog-grid&#8221; _builder_version=&#8221;4.14.7&#8243; _module_preset=&#8221;default&#8221; header_text_color=&#8221;#323031&#8243; header_font_size=&#8221;20px&#8221; meta_font=&#8221;|||on|||||&#8221; meta_text_color=&#8221;#42BFBA&#8221; meta_letter_spacing=&#8221;2px&#8221; border_radii=&#8221;on|20px|20px|20px|20px&#8221; border_width_all=&#8221;0px&#8221; box_shadow_style=&#8221;preset3&#8243; global_colors_info=&#8221;{}&#8221;][\/et_pb_blog][\/et_pb_column][\/et_pb_row][\/et_pb_section][et_pb_section fb_built=&#8221;1&#8243; custom_padding_last_edited=&#8221;on|tablet&#8221; disabled_on=&#8221;on|on|on&#8221; admin_label=&#8221;Subscribe&#8221; _builder_version=&#8221;4.14.4&#8243; background_color=&#8221;#42BFBA&#8221; z_index=&#8221;10&#8243; custom_padding=&#8221;20vw||6vw||false|false&#8221; custom_padding_tablet=&#8221;7vw||||false|false&#8221; custom_padding_phone=&#8221;&#8221; disabled=&#8221;on&#8221; locked=&#8221;off&#8221; global_colors_info=&#8221;{}&#8221;][et_pb_row _builder_version=&#8221;4.0.8&#8243; global_colors_info=&#8221;{}&#8221;][et_pb_column type=&#8221;4_4&#8243; _builder_version=&#8221;4.0.8&#8243; global_colors_info=&#8221;{}&#8221;][et_pb_text _builder_version=&#8221;4.14.4&#8243; header_2_font_size=&#8221;70px&#8221; header_2_line_height=&#8221;1.1em&#8221; background_layout=&#8221;dark&#8221; header_2_font_size_tablet=&#8221;45px&#8221; header_2_font_size_phone=&#8221;30px&#8221; header_2_font_size_last_edited=&#8221;on|phone&#8221; global_colors_info=&#8221;{}&#8221; header_2_2_font_size_phone=&#8221;30px&#8221; header_3_2_font_size_phone=&#8221;30px&#8221; header_4_2_font_size_phone=&#8221;30px&#8221; header_5_2_font_size_phone=&#8221;30px&#8221; header_6_2_font_size_phone=&#8221;30px&#8221; header_2_2_font_size_tablet=&#8221;50px&#8221; header_3_2_font_size_tablet=&#8221;50px&#8221; header_4_2_font_size_tablet=&#8221;50px&#8221; header_5_2_font_size_tablet=&#8221;50px&#8221; header_6_2_font_size_tablet=&#8221;50px&#8221; header_2_2_font_size_last_edited=&#8221;on|phone&#8221; header_3_2_font_size_last_edited=&#8221;on|phone&#8221; header_4_2_font_size_last_edited=&#8221;on|phone&#8221; header_5_2_font_size_last_edited=&#8221;on|phone&#8221; header_6_2_font_size_last_edited=&#8221;on|phone&#8221;]<\/p>\n<h2>Subscirbe To Our Newsletter<\/h2>\n<p>[\/et_pb_text][et_pb_signup mailchimp_list=&#8221;elegantthemestest|1ea2bbd026&#8243; layout=&#8221;top_bottom&#8221; name_field=&#8221;on&#8221; _builder_version=&#8221;4.13.0&#8243; form_field_background_color=&#8221;#ffffff&#8221; form_field_custom_margin=&#8221;||10px||false|false&#8221; form_field_custom_padding=&#8221;||||false|false&#8221; form_field_font=&#8221;Roboto Condensed||||||||&#8221; form_field_line_height=&#8221;1.8em&#8221; use_background_color=&#8221;off&#8221; custom_button=&#8221;on&#8221; button_text_size=&#8221;14px&#8221; button_text_color=&#8221;#ffffff&#8221; button_bg_color=&#8221;#fc3f3f&#8221; button_border_width=&#8221;0px&#8221; button_border_radius=&#8221;0px&#8221; button_letter_spacing=&#8221;2px&#8221; button_font=&#8221;Roboto Condensed|700||on|||||&#8221; button_icon=&#8221;&#x24;||divi||400&#8243; button_on_hover=&#8221;off&#8221; button_custom_padding=&#8221;16px|36px|16px|22px|true|false&#8221; custom_margin=&#8221;|||-20px|false|false&#8221; border_radii_fields=&#8221;on|1px|1px|1px|1px&#8221; box_shadow_style_button=&#8221;preset3&#8243; box_shadow_color_button=&#8221;rgba(252,63,63,0.48)&#8221; global_colors_info=&#8221;{}&#8221; button_custom_padding__hover=&#8221;|40px||26px|true|false&#8221; button_custom_padding__hover_enabled=&#8221;on|hover&#8221;][\/et_pb_signup][\/et_pb_column][\/et_pb_row][\/et_pb_section]<\/p>\n","protected":false},"excerpt":{"rendered":"<p>Interakci\u00f3 mindenholInterakci\u00f3kTudj meg t\u00f6bbet arr\u00f3l, hogyan seg\u00edt\u00fcnk ott \u00e9s akkor l\u00e9trehozni \u00fcgyf\u00e9linterakci\u00f3kat ahol ez a legfontosabbSubscirbe To Our Newsletter<\/p>\n","protected":false},"author":1,"featured_media":0,"parent":0,"menu_order":0,"comment_status":"closed","ping_status":"closed","template":"","meta":{"_acf_changed":false,"_et_pb_use_builder":"on","_et_pb_old_content":"","_et_gb_content_width":"","inline_featured_image":false,"footnotes":""},"class_list":["post-3350","page","type-page","status-publish","hentry"],"acf":[],"yoast_head":"<!-- This site is optimized with the Yoast SEO plugin v27.3 - https:\/\/yoast.com\/product\/yoast-seo-wordpress\/ -->\n<title>Interakci\u00f3k - AISS Technologies<\/title>\n<meta name=\"robots\" content=\"index, follow, max-snippet:-1, max-image-preview:large, max-video-preview:-1\" \/>\n<link rel=\"canonical\" href=\"https:\/\/aisstechnologies.com\/hu\/interakciok\/\" \/>\n<meta property=\"og:locale\" content=\"hu_HU\" \/>\n<meta property=\"og:type\" content=\"article\" \/>\n<meta property=\"og:title\" content=\"Interakci\u00f3k - AISS Technologies\" \/>\n<meta property=\"og:description\" content=\"Interakci\u00f3 mindenholInterakci\u00f3kTudj meg t\u00f6bbet arr\u00f3l, hogyan seg\u00edt\u00fcnk ott \u00e9s akkor l\u00e9trehozni \u00fcgyf\u00e9linterakci\u00f3kat ahol ez a legfontosabbSubscirbe To Our Newsletter\" \/>\n<meta property=\"og:url\" content=\"https:\/\/aisstechnologies.com\/hu\/interakciok\/\" \/>\n<meta property=\"og:site_name\" content=\"AISS Technologies\" \/>\n<meta property=\"article:modified_time\" content=\"2022-02-16T14:51:31+00:00\" \/>\n<meta name=\"twitter:card\" content=\"summary_large_image\" \/>\n<meta name=\"twitter:label1\" content=\"Becs\u00fclt olvas\u00e1si id\u0151\" \/>\n\t<meta name=\"twitter:data1\" content=\"2 perc\" \/>\n<script type=\"application\/ld+json\" class=\"yoast-schema-graph\">{\"@context\":\"https:\\\/\\\/schema.org\",\"@graph\":[{\"@type\":\"WebPage\",\"@id\":\"https:\\\/\\\/aisstechnologies.com\\\/hu\\\/interakciok\\\/\",\"url\":\"https:\\\/\\\/aisstechnologies.com\\\/hu\\\/interakciok\\\/\",\"name\":\"Interakci\u00f3k - AISS Technologies\",\"isPartOf\":{\"@id\":\"https:\\\/\\\/aisstechnologies.com\\\/#website\"},\"datePublished\":\"2022-02-16T13:48:13+00:00\",\"dateModified\":\"2022-02-16T14:51:31+00:00\",\"breadcrumb\":{\"@id\":\"https:\\\/\\\/aisstechnologies.com\\\/hu\\\/interakciok\\\/#breadcrumb\"},\"inLanguage\":\"hu\",\"potentialAction\":[{\"@type\":\"ReadAction\",\"target\":[\"https:\\\/\\\/aisstechnologies.com\\\/hu\\\/interakciok\\\/\"]}]},{\"@type\":\"BreadcrumbList\",\"@id\":\"https:\\\/\\\/aisstechnologies.com\\\/hu\\\/interakciok\\\/#breadcrumb\",\"itemListElement\":[{\"@type\":\"ListItem\",\"position\":1,\"name\":\"Home\",\"item\":\"https:\\\/\\\/aisstechnologies.com\\\/hu\\\/\"},{\"@type\":\"ListItem\",\"position\":2,\"name\":\"Interakci\u00f3k\"}]},{\"@type\":\"WebSite\",\"@id\":\"https:\\\/\\\/aisstechnologies.com\\\/#website\",\"url\":\"https:\\\/\\\/aisstechnologies.com\\\/\",\"name\":\"AISS Technologies\",\"description\":\"Digital interactions made possible through digital signage\",\"publisher\":{\"@id\":\"https:\\\/\\\/aisstechnologies.com\\\/#organization\"},\"potentialAction\":[{\"@type\":\"SearchAction\",\"target\":{\"@type\":\"EntryPoint\",\"urlTemplate\":\"https:\\\/\\\/aisstechnologies.com\\\/?s={search_term_string}\"},\"query-input\":{\"@type\":\"PropertyValueSpecification\",\"valueRequired\":true,\"valueName\":\"search_term_string\"}}],\"inLanguage\":\"hu\"},{\"@type\":\"Organization\",\"@id\":\"https:\\\/\\\/aisstechnologies.com\\\/#organization\",\"name\":\"AISS Technologies\",\"url\":\"https:\\\/\\\/aisstechnologies.com\\\/\",\"logo\":{\"@type\":\"ImageObject\",\"inLanguage\":\"hu\",\"@id\":\"https:\\\/\\\/aisstechnologies.com\\\/#\\\/schema\\\/logo\\\/image\\\/\",\"url\":\"https:\\\/\\\/aisstechnologies.com\\\/wp-content\\\/uploads\\\/2021\\\/10\\\/AiSS_logo_White.svg\",\"contentUrl\":\"https:\\\/\\\/aisstechnologies.com\\\/wp-content\\\/uploads\\\/2021\\\/10\\\/AiSS_logo_White.svg\",\"width\":141,\"height\":100,\"caption\":\"AISS Technologies\"},\"image\":{\"@id\":\"https:\\\/\\\/aisstechnologies.com\\\/#\\\/schema\\\/logo\\\/image\\\/\"}}]}<\/script>\n<!-- \/ Yoast SEO plugin. -->","yoast_head_json":{"title":"Interakci\u00f3k - AISS Technologies","robots":{"index":"index","follow":"follow","max-snippet":"max-snippet:-1","max-image-preview":"max-image-preview:large","max-video-preview":"max-video-preview:-1"},"canonical":"https:\/\/aisstechnologies.com\/hu\/interakciok\/","og_locale":"hu_HU","og_type":"article","og_title":"Interakci\u00f3k - AISS Technologies","og_description":"Interakci\u00f3 mindenholInterakci\u00f3kTudj meg t\u00f6bbet arr\u00f3l, hogyan seg\u00edt\u00fcnk ott \u00e9s akkor l\u00e9trehozni \u00fcgyf\u00e9linterakci\u00f3kat ahol ez a legfontosabbSubscirbe To Our Newsletter","og_url":"https:\/\/aisstechnologies.com\/hu\/interakciok\/","og_site_name":"AISS Technologies","article_modified_time":"2022-02-16T14:51:31+00:00","twitter_card":"summary_large_image","twitter_misc":{"Becs\u00fclt olvas\u00e1si id\u0151":"2 perc"},"schema":{"@context":"https:\/\/schema.org","@graph":[{"@type":"WebPage","@id":"https:\/\/aisstechnologies.com\/hu\/interakciok\/","url":"https:\/\/aisstechnologies.com\/hu\/interakciok\/","name":"Interakci\u00f3k - AISS Technologies","isPartOf":{"@id":"https:\/\/aisstechnologies.com\/#website"},"datePublished":"2022-02-16T13:48:13+00:00","dateModified":"2022-02-16T14:51:31+00:00","breadcrumb":{"@id":"https:\/\/aisstechnologies.com\/hu\/interakciok\/#breadcrumb"},"inLanguage":"hu","potentialAction":[{"@type":"ReadAction","target":["https:\/\/aisstechnologies.com\/hu\/interakciok\/"]}]},{"@type":"BreadcrumbList","@id":"https:\/\/aisstechnologies.com\/hu\/interakciok\/#breadcrumb","itemListElement":[{"@type":"ListItem","position":1,"name":"Home","item":"https:\/\/aisstechnologies.com\/hu\/"},{"@type":"ListItem","position":2,"name":"Interakci\u00f3k"}]},{"@type":"WebSite","@id":"https:\/\/aisstechnologies.com\/#website","url":"https:\/\/aisstechnologies.com\/","name":"AISS Technologies","description":"Digital interactions made possible through digital signage","publisher":{"@id":"https:\/\/aisstechnologies.com\/#organization"},"potentialAction":[{"@type":"SearchAction","target":{"@type":"EntryPoint","urlTemplate":"https:\/\/aisstechnologies.com\/?s={search_term_string}"},"query-input":{"@type":"PropertyValueSpecification","valueRequired":true,"valueName":"search_term_string"}}],"inLanguage":"hu"},{"@type":"Organization","@id":"https:\/\/aisstechnologies.com\/#organization","name":"AISS Technologies","url":"https:\/\/aisstechnologies.com\/","logo":{"@type":"ImageObject","inLanguage":"hu","@id":"https:\/\/aisstechnologies.com\/#\/schema\/logo\/image\/","url":"https:\/\/aisstechnologies.com\/wp-content\/uploads\/2021\/10\/AiSS_logo_White.svg","contentUrl":"https:\/\/aisstechnologies.com\/wp-content\/uploads\/2021\/10\/AiSS_logo_White.svg","width":141,"height":100,"caption":"AISS Technologies"},"image":{"@id":"https:\/\/aisstechnologies.com\/#\/schema\/logo\/image\/"}}]}},"_links":{"self":[{"href":"https:\/\/aisstechnologies.com\/hu\/wp-json\/wp\/v2\/pages\/3350","targetHints":{"allow":["GET"]}}],"collection":[{"href":"https:\/\/aisstechnologies.com\/hu\/wp-json\/wp\/v2\/pages"}],"about":[{"href":"https:\/\/aisstechnologies.com\/hu\/wp-json\/wp\/v2\/types\/page"}],"author":[{"embeddable":true,"href":"https:\/\/aisstechnologies.com\/hu\/wp-json\/wp\/v2\/users\/1"}],"replies":[{"embeddable":true,"href":"https:\/\/aisstechnologies.com\/hu\/wp-json\/wp\/v2\/comments?post=3350"}],"version-history":[{"count":6,"href":"https:\/\/aisstechnologies.com\/hu\/wp-json\/wp\/v2\/pages\/3350\/revisions"}],"predecessor-version":[{"id":3367,"href":"https:\/\/aisstechnologies.com\/hu\/wp-json\/wp\/v2\/pages\/3350\/revisions\/3367"}],"wp:attachment":[{"href":"https:\/\/aisstechnologies.com\/hu\/wp-json\/wp\/v2\/media?parent=3350"}],"curies":[{"name":"wp","href":"https:\/\/api.w.org\/{rel}","templated":true}]}}