{"id":3136,"date":"2022-02-03T15:37:44","date_gmt":"2022-02-03T15:37:44","guid":{"rendered":"https:\/\/aisstechnologies.com\/?page_id=3136"},"modified":"2022-08-23T21:39:26","modified_gmt":"2022-08-23T21:39:26","slug":"hirlevel","status":"publish","type":"page","link":"https:\/\/aisstechnologies.com\/hu\/hirlevel\/","title":{"rendered":"H\u00edrlev\u00e9l"},"content":{"rendered":"<p>[et_pb_section fb_built=&#8221;1&#8243; module_class=&#8221;c-basic-header dh-valign-center-section&#8221; _builder_version=&#8221;4.16&#8243; _module_preset=&#8221;default&#8221; use_background_color_gradient=&#8221;on&#8221; background_color_gradient_direction=&#8221;163deg&#8221; background_color_gradient_stops=&#8221;rgba(0,0,0,0.02) 50%|#ffffff 50%&#8221; background_color_gradient_start=&#8221;rgba(0,0,0,0.02)&#8221; background_color_gradient_start_position=&#8221;50%&#8221; background_color_gradient_end=&#8221;#ffffff&#8221; background_color_gradient_end_position=&#8221;0%&#8221; background_image=&#8221;https:\/\/aisstechnologies.com\/wp-content\/uploads\/2021\/10\/AiSS-Nyitooldal_3.png&#8221; parallax=&#8221;on&#8221; global_colors_info=&#8221;{}&#8221;][et_pb_row make_equal=&#8221;on&#8221; _builder_version=&#8221;4.16&#8243; _module_preset=&#8221;default&#8221; global_colors_info=&#8221;{}&#8221;][et_pb_column type=&#8221;4_4&#8243; _builder_version=&#8221;4.16&#8243; _module_preset=&#8221;default&#8221; global_colors_info=&#8221;{}&#8221;][et_pb_text _builder_version=&#8221;4.16&#8243; _module_preset=&#8221;default&#8221; vertical_offset_tablet=&#8221;0&#8243; horizontal_offset_tablet=&#8221;0&#8243; max_width=&#8221;640px&#8221; z_index_tablet=&#8221;0&#8243; text_text_shadow_horizontal_length_tablet=&#8221;0px&#8221; text_text_shadow_vertical_length_tablet=&#8221;0px&#8221; text_text_shadow_blur_strength_tablet=&#8221;1px&#8221; link_text_shadow_horizontal_length_tablet=&#8221;0px&#8221; link_text_shadow_vertical_length_tablet=&#8221;0px&#8221; link_text_shadow_blur_strength_tablet=&#8221;1px&#8221; ul_text_shadow_horizontal_length_tablet=&#8221;0px&#8221; ul_text_shadow_vertical_length_tablet=&#8221;0px&#8221; ul_text_shadow_blur_strength_tablet=&#8221;1px&#8221; ol_text_shadow_horizontal_length_tablet=&#8221;0px&#8221; ol_text_shadow_vertical_length_tablet=&#8221;0px&#8221; ol_text_shadow_blur_strength_tablet=&#8221;1px&#8221; quote_text_shadow_horizontal_length_tablet=&#8221;0px&#8221; quote_text_shadow_vertical_length_tablet=&#8221;0px&#8221; quote_text_shadow_blur_strength_tablet=&#8221;1px&#8221; header_text_shadow_horizontal_length_tablet=&#8221;0px&#8221; header_text_shadow_vertical_length_tablet=&#8221;0px&#8221; header_text_shadow_blur_strength_tablet=&#8221;1px&#8221; header_2_text_shadow_horizontal_length_tablet=&#8221;0px&#8221; header_2_text_shadow_vertical_length_tablet=&#8221;0px&#8221; header_2_text_shadow_blur_strength_tablet=&#8221;1px&#8221; header_3_text_shadow_horizontal_length_tablet=&#8221;0px&#8221; header_3_text_shadow_vertical_length_tablet=&#8221;0px&#8221; header_3_text_shadow_blur_strength_tablet=&#8221;1px&#8221; header_4_text_shadow_horizontal_length_tablet=&#8221;0px&#8221; header_4_text_shadow_vertical_length_tablet=&#8221;0px&#8221; header_4_text_shadow_blur_strength_tablet=&#8221;1px&#8221; header_5_text_shadow_horizontal_length_tablet=&#8221;0px&#8221; header_5_text_shadow_vertical_length_tablet=&#8221;0px&#8221; header_5_text_shadow_blur_strength_tablet=&#8221;1px&#8221; header_6_text_shadow_horizontal_length_tablet=&#8221;0px&#8221; header_6_text_shadow_vertical_length_tablet=&#8221;0px&#8221; header_6_text_shadow_blur_strength_tablet=&#8221;1px&#8221; box_shadow_horizontal_tablet=&#8221;0px&#8221; box_shadow_vertical_tablet=&#8221;0px&#8221; box_shadow_blur_tablet=&#8221;40px&#8221; box_shadow_spread_tablet=&#8221;0px&#8221; global_colors_info=&#8221;{}&#8221;]<\/p>\n<h1>H\u00edrlev\u00e9l feliratkoz\u00e1s<\/h1>\n<p>[\/et_pb_text][\/et_pb_column][\/et_pb_row][\/et_pb_section][et_pb_section fb_built=&#8221;1&#8243; admin_label=&#8221;Services&#8221; _builder_version=&#8221;4.16&#8243; global_colors_info=&#8221;{}&#8221;][et_pb_row custom_padding_last_edited=&#8221;on|desktop&#8221; _builder_version=&#8221;4.16&#8243; custom_padding=&#8221;|200px||200px|false|false&#8221; custom_padding_tablet=&#8221;|0px||0px|false|false&#8221; custom_padding_phone=&#8221;|0px||0px|false|false&#8221; global_colors_info=&#8221;{}&#8221;][et_pb_column type=&#8221;4_4&#8243; _builder_version=&#8221;4.16&#8243; custom_padding=&#8221;|||&#8221; global_colors_info=&#8221;{}&#8221; custom_padding__hover=&#8221;|||&#8221;][et_pb_text _builder_version=&#8221;4.16&#8243; text_font=&#8221;||||||||&#8221; header_font=&#8221;||||||||&#8221; header_2_text_align=&#8221;center&#8221; animation_style=&#8221;slide&#8221; animation_direction=&#8221;right&#8221; animation_intensity_slide=&#8221;5%&#8221; global_colors_info=&#8221;{}&#8221;]<\/p>\n<h4 style=\"text-align: center;\">Maradj t\u00e1j\u00e9kozott a kedvenc t\u00e9m\u00e1idr\u00f3l a digit\u00e1lis interakci\u00f3kkal kapcsolatban!<\/h4>\n<p>[\/et_pb_text][et_pb_text _builder_version=&#8221;4.17.6&#8243; _module_preset=&#8221;default&#8221; hover_enabled=&#8221;0&#8243; global_colors_info=&#8221;{}&#8221; sticky_enabled=&#8221;0&#8243;]\n<div class=\"wpcf7 no-js\" id=\"wpcf7-f3931-o1\" lang=\"en-US\" dir=\"ltr\" data-wpcf7-id=\"3931\">\n<div class=\"screen-reader-response\"><p role=\"status\" aria-live=\"polite\" aria-atomic=\"true\"><\/p> <ul><\/ul><\/div>\n<form action=\"\/hu\/wp-json\/wp\/v2\/pages\/3136#wpcf7-f3931-o1\" method=\"post\" class=\"wpcf7-form init wpcf7-acceptance-as-validation\" aria-label=\"Contact form\" novalidate=\"novalidate\" data-status=\"init\">\n<fieldset class=\"hidden-fields-container\"><input type=\"hidden\" name=\"_wpcf7\" value=\"3931\" \/><input type=\"hidden\" name=\"_wpcf7_version\" value=\"6.1.5\" \/><input type=\"hidden\" name=\"_wpcf7_locale\" value=\"en_US\" \/><input type=\"hidden\" name=\"_wpcf7_unit_tag\" value=\"wpcf7-f3931-o1\" \/><input type=\"hidden\" name=\"_wpcf7_container_post\" value=\"0\" \/><input type=\"hidden\" name=\"_wpcf7_posted_data_hash\" value=\"\" \/><input type=\"hidden\" name=\"_wpcf7_recaptcha_response\" value=\"\" \/>\n<\/fieldset>\n<p><label> N\u00e9v*<br \/>\n<span class=\"wpcf7-form-control-wrap\" data-name=\"your-name\"><input size=\"40\" maxlength=\"400\" class=\"wpcf7-form-control wpcf7-text wpcf7-validates-as-required\" aria-required=\"true\" aria-invalid=\"false\" value=\"\" type=\"text\" name=\"your-name\" \/><\/span> <\/label><br \/>\n<label> Email c\u00edm*<br \/>\n<span class=\"wpcf7-form-control-wrap\" data-name=\"your-email\"><input size=\"40\" maxlength=\"400\" class=\"wpcf7-form-control wpcf7-email wpcf7-validates-as-required wpcf7-text wpcf7-validates-as-email\" aria-required=\"true\" aria-invalid=\"false\" value=\"\" type=\"email\" name=\"your-email\" \/><\/span> <\/label><br \/>\n<span id=\"wpcf7-69d7a26bb21de-wrapper\" class=\"wpcf7-form-control-wrap honeypot-70-wrap\" style=\"display:none !important; visibility:hidden !important;\"><label for=\"wpcf7-69d7a26bb21de-field\" class=\"hp-message\">Please leave this field empty.<\/label><input id=\"wpcf7-69d7a26bb21de-field\"  class=\"wpcf7-form-control wpcf7-text\" type=\"text\" name=\"honeypot-70\" value=\"\" size=\"40\" tabindex=\"-1\" autocomplete=\"new-password\" \/><\/span><br \/>\n<label> C\u00e9gn\u00e9v<br \/>\n<span class=\"wpcf7-form-control-wrap\" data-name=\"text-159\"><input size=\"40\" maxlength=\"400\" class=\"wpcf7-form-control wpcf7-text\" aria-invalid=\"false\" value=\"\" type=\"text\" name=\"text-159\" \/><\/span> <\/label><br \/>\n<label> Beoszt\u00e1s<br \/>\n<span class=\"wpcf7-form-control-wrap\" data-name=\"text-698\"><input size=\"40\" maxlength=\"400\" class=\"wpcf7-form-control wpcf7-text\" aria-invalid=\"false\" value=\"\" type=\"text\" name=\"text-698\" \/><\/span> <\/label>\n<\/p>\n<p>Elk\u00f6telezettek vagyunk a szem\u00e9lyes adataid v\u00e9delme ir\u00e1nt. A szem\u00e9lyes adataidat csak az \u00e1ltalad ig\u00e9nyelt term\u00e9kekkel \u00e9s szolg\u00e1ltat\u00e1sokkal kapcsolatban haszn\u00e1ljuk fel \u00e9s csak olyan m\u00f3don l\u00e9p\u00fcnk veled kapcsolatba, ahogy abba el\u0151zetesen beleegyezt\u00e9l. K\u00e9r\u00fcnk v\u00e1laszd ki alul a jel\u00f6l\u0151n\u00e9gyzetek seg\u00edts\u00e9g\u00e9vel, mely m\u00f3dokon l\u00e9phet\u00fcnk veled kapcsolatba \u00e9s milyen okb\u00f3l t\u00e1rolhatjuk \u00e9s dolgozhassuk fel a szem\u00e9lyes adataidat:<br \/>\n<span class=\"wpcf7-form-control-wrap\" data-name=\"acceptance-237\"><span class=\"wpcf7-form-control wpcf7-acceptance\"><span class=\"wpcf7-list-item\"><label><input type=\"checkbox\" name=\"acceptance-237\" value=\"1\" aria-invalid=\"false\" \/><span class=\"wpcf7-list-item-label\">Beleegyezem abba, hogy tov\u00e1bbi h\u00edreket, inform\u00e1ci\u00f3kat \u00e9s aj\u00e1nlatokat kapjak az AISS Technologies c\u00e9gt\u0151l.<\/span><\/label><\/span><\/span><\/span><br \/>\n<span class=\"wpcf7-form-control-wrap\" data-name=\"acceptance-467\"><span class=\"wpcf7-form-control wpcf7-acceptance\"><span class=\"wpcf7-list-item\"><label><input type=\"checkbox\" name=\"acceptance-467\" value=\"1\" aria-invalid=\"false\" \/><span class=\"wpcf7-list-item-label\">Elolvastam \u00e9s elfogadom az <a href=\"https:\/\/aisstechnologies.com\/hu\/adatvedelmi-szabalyzat\/\" target=\"_blank\" rel=\"noopener\">AISS Technologies Adatv\u00e9delmi Szab\u00e1lyzat<\/a>\u00e1t \u00e9s hozz\u00e1j\u00e1rulok, t\u00e1rolja \u00e9s feldolgozza a szem\u00e9lyes adataimat.*<\/span><\/label><\/span><\/span><\/span>\n<\/p>\n<p><button class=\"wpcf7-form-control wpcf7-submit has-spinner et_pb_button et_pb_bg_layout_light\" type=\"submit\" value=\"Feliratkozok\">Feliratkozok<\/button>\n<\/p><div class=\"wpcf7-response-output\" aria-hidden=\"true\"><\/div>\n<\/form>\n<\/div>\n[\/et_pb_text][\/et_pb_column][\/et_pb_row][\/et_pb_section]<\/p>\n","protected":false},"excerpt":{"rendered":"<p>H\u00edrlev\u00e9l feliratkoz\u00e1sMaradj t\u00e1j\u00e9kozott a kedvenc t\u00e9m\u00e1idr\u00f3l a digit\u00e1lis interakci\u00f3kkal kapcsolatban!\n<div class=\"wpcf7 no-js\" id=\"wpcf7-f3931-o2\" lang=\"en-US\" dir=\"ltr\" data-wpcf7-id=\"3931\">\n<div class=\"screen-reader-response\"><p role=\"status\" aria-live=\"polite\" aria-atomic=\"true\"><\/p> <ul><\/ul><\/div>\n<form action=\"\/hu\/wp-json\/wp\/v2\/pages\/3136#wpcf7-f3931-o2\" method=\"post\" class=\"wpcf7-form init wpcf7-acceptance-as-validation\" aria-label=\"Contact form\" novalidate=\"novalidate\" data-status=\"init\">\n<fieldset class=\"hidden-fields-container\"><input type=\"hidden\" name=\"_wpcf7\" value=\"3931\" \/><input type=\"hidden\" name=\"_wpcf7_version\" value=\"6.1.5\" \/><input type=\"hidden\" name=\"_wpcf7_locale\" value=\"en_US\" \/><input type=\"hidden\" name=\"_wpcf7_unit_tag\" value=\"wpcf7-f3931-o2\" \/><input type=\"hidden\" name=\"_wpcf7_container_post\" value=\"0\" \/><input type=\"hidden\" name=\"_wpcf7_posted_data_hash\" value=\"\" \/><input type=\"hidden\" name=\"_wpcf7_recaptcha_response\" value=\"\" \/>\n<\/fieldset>\n<p><label> N\u00e9v*<br \/>\n<span class=\"wpcf7-form-control-wrap\" data-name=\"your-name\"><input size=\"40\" maxlength=\"400\" class=\"wpcf7-form-control wpcf7-text wpcf7-validates-as-required\" aria-required=\"true\" aria-invalid=\"false\" value=\"\" type=\"text\" name=\"your-name\" \/><\/span> <\/label><br \/>\n<label> Email c\u00edm*<br \/>\n<span class=\"wpcf7-form-control-wrap\" data-name=\"your-email\"><input size=\"40\" maxlength=\"400\" class=\"wpcf7-form-control wpcf7-email wpcf7-validates-as-required wpcf7-text wpcf7-validates-as-email\" aria-required=\"true\" aria-invalid=\"false\" value=\"\" type=\"email\" name=\"your-email\" \/><\/span> <\/label><br \/>\n<span id=\"wpcf7-69d7a26cc0fc1-wrapper\" class=\"wpcf7-form-control-wrap honeypot-70-wrap\" style=\"display:none !important; visibility:hidden !important;\"><label for=\"wpcf7-69d7a26cc0fc1-field\" class=\"hp-message\">Please leave this field empty.<\/label><input id=\"wpcf7-69d7a26cc0fc1-field\"  class=\"wpcf7-form-control wpcf7-text\" type=\"text\" name=\"honeypot-70\" value=\"\" size=\"40\" tabindex=\"-1\" autocomplete=\"new-password\" \/><\/span><br \/>\n<label> C\u00e9gn\u00e9v<br \/>\n<span class=\"wpcf7-form-control-wrap\" data-name=\"text-159\"><input size=\"40\" maxlength=\"400\" class=\"wpcf7-form-control wpcf7-text\" aria-invalid=\"false\" value=\"\" type=\"text\" name=\"text-159\" \/><\/span> <\/label><br \/>\n<label> Beoszt\u00e1s<br \/>\n<span class=\"wpcf7-form-control-wrap\" data-name=\"text-698\"><input size=\"40\" maxlength=\"400\" class=\"wpcf7-form-control wpcf7-text\" aria-invalid=\"false\" value=\"\" type=\"text\" name=\"text-698\" \/><\/span> <\/label>\n<\/p>\n<p>Elk\u00f6telezettek vagyunk a szem\u00e9lyes adataid v\u00e9delme ir\u00e1nt. A szem\u00e9lyes adataidat csak az \u00e1ltalad ig\u00e9nyelt term\u00e9kekkel \u00e9s szolg\u00e1ltat\u00e1sokkal kapcsolatban haszn\u00e1ljuk fel \u00e9s csak olyan m\u00f3don l\u00e9p\u00fcnk veled kapcsolatba, ahogy abba el\u0151zetesen beleegyezt\u00e9l. K\u00e9r\u00fcnk v\u00e1laszd ki alul a jel\u00f6l\u0151n\u00e9gyzetek seg\u00edts\u00e9g\u00e9vel, mely m\u00f3dokon l\u00e9phet\u00fcnk veled kapcsolatba \u00e9s milyen okb\u00f3l t\u00e1rolhatjuk \u00e9s dolgozhassuk fel a szem\u00e9lyes adataidat:<br \/>\n<span class=\"wpcf7-form-control-wrap\" data-name=\"acceptance-237\"><span class=\"wpcf7-form-control wpcf7-acceptance\"><span class=\"wpcf7-list-item\"><label><input type=\"checkbox\" name=\"acceptance-237\" value=\"1\" aria-invalid=\"false\" \/><span class=\"wpcf7-list-item-label\">Beleegyezem abba, hogy tov\u00e1bbi h\u00edreket, inform\u00e1ci\u00f3kat \u00e9s aj\u00e1nlatokat kapjak az AISS Technologies c\u00e9gt\u0151l.<\/span><\/label><\/span><\/span><\/span><br \/>\n<span class=\"wpcf7-form-control-wrap\" data-name=\"acceptance-467\"><span class=\"wpcf7-form-control wpcf7-acceptance\"><span class=\"wpcf7-list-item\"><label><input type=\"checkbox\" name=\"acceptance-467\" value=\"1\" aria-invalid=\"false\" \/><span class=\"wpcf7-list-item-label\">Elolvastam \u00e9s elfogadom az <a href=\"https:\/\/aisstechnologies.com\/hu\/adatvedelmi-szabalyzat\/\" target=\"_blank\" rel=\"noopener\">AISS Technologies Adatv\u00e9delmi Szab\u00e1lyzat<\/a>\u00e1t \u00e9s hozz\u00e1j\u00e1rulok, t\u00e1rolja \u00e9s feldolgozza a szem\u00e9lyes adataimat.*<\/span><\/label><\/span><\/span><\/span>\n<\/p>\n<p><button class=\"wpcf7-form-control wpcf7-submit has-spinner et_pb_button et_pb_bg_layout_light\" type=\"submit\" value=\"Feliratkozok\">Feliratkozok<\/button>\n<\/p><div class=\"wpcf7-response-output\" aria-hidden=\"true\"><\/div>\n<\/form>\n<\/div>\n<\/p>\n","protected":false},"author":3,"featured_media":0,"parent":0,"menu_order":0,"comment_status":"closed","ping_status":"closed","template":"","meta":{"_acf_changed":false,"_et_pb_use_builder":"on","_et_pb_old_content":"","_et_gb_content_width":"","inline_featured_image":false,"footnotes":""},"class_list":["post-3136","page","type-page","status-publish","hentry"],"acf":[],"yoast_head":"<!-- This site is optimized with the Yoast SEO plugin v27.1.1 - https:\/\/yoast.com\/product\/yoast-seo-wordpress\/ -->\n<title>H\u00edrlev\u00e9l - AISS Technologies - Maradj t\u00e1j\u00e9kozott a kedvenc t\u00e9m\u00e1idban!<\/title>\n<meta name=\"description\" content=\"Iratkozz fel a h\u00edrlevel\u00fcnkre \u00e9s maradj t\u00e1j\u00e9kozott a kedvenc digital signage \u00e9s retailtech t\u00e9m\u00e1iddal kapcsolatban!\" \/>\n<meta name=\"robots\" content=\"index, follow, max-snippet:-1, max-image-preview:large, max-video-preview:-1\" \/>\n<link rel=\"canonical\" href=\"https:\/\/aisstechnologies.com\/hu\/hirlevel\/\" \/>\n<meta property=\"og:locale\" content=\"hu_HU\" \/>\n<meta property=\"og:type\" content=\"article\" \/>\n<meta property=\"og:title\" content=\"H\u00edrlev\u00e9l - AISS Technologies - Maradj t\u00e1j\u00e9kozott a kedvenc t\u00e9m\u00e1idban!\" \/>\n<meta property=\"og:description\" content=\"Iratkozz fel a h\u00edrlevel\u00fcnkre \u00e9s maradj t\u00e1j\u00e9kozott a kedvenc digital signage \u00e9s retailtech t\u00e9m\u00e1iddal kapcsolatban!\" \/>\n<meta property=\"og:url\" content=\"https:\/\/aisstechnologies.com\/hu\/hirlevel\/\" \/>\n<meta property=\"og:site_name\" content=\"AISS Technologies\" \/>\n<meta property=\"article:modified_time\" content=\"2022-08-23T21:39:26+00:00\" \/>\n<meta name=\"twitter:card\" content=\"summary_large_image\" \/>\n<meta name=\"twitter:label1\" content=\"Becs\u00fclt olvas\u00e1si id\u0151\" \/>\n\t<meta name=\"twitter:data1\" content=\"1 perc\" \/>\n<script type=\"application\/ld+json\" class=\"yoast-schema-graph\">{\"@context\":\"https:\/\/schema.org\",\"@graph\":[{\"@type\":\"WebPage\",\"@id\":\"https:\/\/aisstechnologies.com\/hu\/hirlevel\/\",\"url\":\"https:\/\/aisstechnologies.com\/hu\/hirlevel\/\",\"name\":\"H\u00edrlev\u00e9l - AISS Technologies - Maradj t\u00e1j\u00e9kozott a kedvenc t\u00e9m\u00e1idban!\",\"isPartOf\":{\"@id\":\"https:\/\/aisstechnologies.com\/#website\"},\"datePublished\":\"2022-02-03T15:37:44+00:00\",\"dateModified\":\"2022-08-23T21:39:26+00:00\",\"description\":\"Iratkozz fel a h\u00edrlevel\u00fcnkre \u00e9s maradj t\u00e1j\u00e9kozott a kedvenc digital signage \u00e9s retailtech t\u00e9m\u00e1iddal kapcsolatban!\",\"breadcrumb\":{\"@id\":\"https:\/\/aisstechnologies.com\/hu\/hirlevel\/#breadcrumb\"},\"inLanguage\":\"hu\",\"potentialAction\":[{\"@type\":\"ReadAction\",\"target\":[\"https:\/\/aisstechnologies.com\/hu\/hirlevel\/\"]}]},{\"@type\":\"BreadcrumbList\",\"@id\":\"https:\/\/aisstechnologies.com\/hu\/hirlevel\/#breadcrumb\",\"itemListElement\":[{\"@type\":\"ListItem\",\"position\":1,\"name\":\"Home\",\"item\":\"https:\/\/aisstechnologies.com\/hu\/\"},{\"@type\":\"ListItem\",\"position\":2,\"name\":\"H\u00edrlev\u00e9l\"}]},{\"@type\":\"WebSite\",\"@id\":\"https:\/\/aisstechnologies.com\/#website\",\"url\":\"https:\/\/aisstechnologies.com\/\",\"name\":\"AISS Technologies\",\"description\":\"Digital interactions made possible through digital signage\",\"publisher\":{\"@id\":\"https:\/\/aisstechnologies.com\/#organization\"},\"potentialAction\":[{\"@type\":\"SearchAction\",\"target\":{\"@type\":\"EntryPoint\",\"urlTemplate\":\"https:\/\/aisstechnologies.com\/?s={search_term_string}\"},\"query-input\":{\"@type\":\"PropertyValueSpecification\",\"valueRequired\":true,\"valueName\":\"search_term_string\"}}],\"inLanguage\":\"hu\"},{\"@type\":\"Organization\",\"@id\":\"https:\/\/aisstechnologies.com\/#organization\",\"name\":\"AISS Technologies\",\"url\":\"https:\/\/aisstechnologies.com\/\",\"logo\":{\"@type\":\"ImageObject\",\"inLanguage\":\"hu\",\"@id\":\"https:\/\/aisstechnologies.com\/#\/schema\/logo\/image\/\",\"url\":\"https:\/\/aisstechnologies.com\/wp-content\/uploads\/2021\/10\/AiSS_logo_White.svg\",\"contentUrl\":\"https:\/\/aisstechnologies.com\/wp-content\/uploads\/2021\/10\/AiSS_logo_White.svg\",\"width\":141,\"height\":100,\"caption\":\"AISS Technologies\"},\"image\":{\"@id\":\"https:\/\/aisstechnologies.com\/#\/schema\/logo\/image\/\"}}]}<\/script>\n<!-- \/ Yoast SEO plugin. -->","yoast_head_json":{"title":"H\u00edrlev\u00e9l - AISS Technologies - Maradj t\u00e1j\u00e9kozott a kedvenc t\u00e9m\u00e1idban!","description":"Iratkozz fel a h\u00edrlevel\u00fcnkre \u00e9s maradj t\u00e1j\u00e9kozott a kedvenc digital signage \u00e9s retailtech t\u00e9m\u00e1iddal kapcsolatban!","robots":{"index":"index","follow":"follow","max-snippet":"max-snippet:-1","max-image-preview":"max-image-preview:large","max-video-preview":"max-video-preview:-1"},"canonical":"https:\/\/aisstechnologies.com\/hu\/hirlevel\/","og_locale":"hu_HU","og_type":"article","og_title":"H\u00edrlev\u00e9l - AISS Technologies - Maradj t\u00e1j\u00e9kozott a kedvenc t\u00e9m\u00e1idban!","og_description":"Iratkozz fel a h\u00edrlevel\u00fcnkre \u00e9s maradj t\u00e1j\u00e9kozott a kedvenc digital signage \u00e9s retailtech t\u00e9m\u00e1iddal kapcsolatban!","og_url":"https:\/\/aisstechnologies.com\/hu\/hirlevel\/","og_site_name":"AISS Technologies","article_modified_time":"2022-08-23T21:39:26+00:00","twitter_card":"summary_large_image","twitter_misc":{"Becs\u00fclt olvas\u00e1si id\u0151":"1 perc"},"schema":{"@context":"https:\/\/schema.org","@graph":[{"@type":"WebPage","@id":"https:\/\/aisstechnologies.com\/hu\/hirlevel\/","url":"https:\/\/aisstechnologies.com\/hu\/hirlevel\/","name":"H\u00edrlev\u00e9l - AISS Technologies - Maradj t\u00e1j\u00e9kozott a kedvenc t\u00e9m\u00e1idban!","isPartOf":{"@id":"https:\/\/aisstechnologies.com\/#website"},"datePublished":"2022-02-03T15:37:44+00:00","dateModified":"2022-08-23T21:39:26+00:00","description":"Iratkozz fel a h\u00edrlevel\u00fcnkre \u00e9s maradj t\u00e1j\u00e9kozott a kedvenc digital signage \u00e9s retailtech t\u00e9m\u00e1iddal kapcsolatban!","breadcrumb":{"@id":"https:\/\/aisstechnologies.com\/hu\/hirlevel\/#breadcrumb"},"inLanguage":"hu","potentialAction":[{"@type":"ReadAction","target":["https:\/\/aisstechnologies.com\/hu\/hirlevel\/"]}]},{"@type":"BreadcrumbList","@id":"https:\/\/aisstechnologies.com\/hu\/hirlevel\/#breadcrumb","itemListElement":[{"@type":"ListItem","position":1,"name":"Home","item":"https:\/\/aisstechnologies.com\/hu\/"},{"@type":"ListItem","position":2,"name":"H\u00edrlev\u00e9l"}]},{"@type":"WebSite","@id":"https:\/\/aisstechnologies.com\/#website","url":"https:\/\/aisstechnologies.com\/","name":"AISS Technologies","description":"Digital interactions made possible through digital signage","publisher":{"@id":"https:\/\/aisstechnologies.com\/#organization"},"potentialAction":[{"@type":"SearchAction","target":{"@type":"EntryPoint","urlTemplate":"https:\/\/aisstechnologies.com\/?s={search_term_string}"},"query-input":{"@type":"PropertyValueSpecification","valueRequired":true,"valueName":"search_term_string"}}],"inLanguage":"hu"},{"@type":"Organization","@id":"https:\/\/aisstechnologies.com\/#organization","name":"AISS Technologies","url":"https:\/\/aisstechnologies.com\/","logo":{"@type":"ImageObject","inLanguage":"hu","@id":"https:\/\/aisstechnologies.com\/#\/schema\/logo\/image\/","url":"https:\/\/aisstechnologies.com\/wp-content\/uploads\/2021\/10\/AiSS_logo_White.svg","contentUrl":"https:\/\/aisstechnologies.com\/wp-content\/uploads\/2021\/10\/AiSS_logo_White.svg","width":141,"height":100,"caption":"AISS Technologies"},"image":{"@id":"https:\/\/aisstechnologies.com\/#\/schema\/logo\/image\/"}}]}},"_links":{"self":[{"href":"https:\/\/aisstechnologies.com\/hu\/wp-json\/wp\/v2\/pages\/3136","targetHints":{"allow":["GET"]}}],"collection":[{"href":"https:\/\/aisstechnologies.com\/hu\/wp-json\/wp\/v2\/pages"}],"about":[{"href":"https:\/\/aisstechnologies.com\/hu\/wp-json\/wp\/v2\/types\/page"}],"author":[{"embeddable":true,"href":"https:\/\/aisstechnologies.com\/hu\/wp-json\/wp\/v2\/users\/3"}],"replies":[{"embeddable":true,"href":"https:\/\/aisstechnologies.com\/hu\/wp-json\/wp\/v2\/comments?post=3136"}],"version-history":[{"count":8,"href":"https:\/\/aisstechnologies.com\/hu\/wp-json\/wp\/v2\/pages\/3136\/revisions"}],"predecessor-version":[{"id":3934,"href":"https:\/\/aisstechnologies.com\/hu\/wp-json\/wp\/v2\/pages\/3136\/revisions\/3934"}],"wp:attachment":[{"href":"https:\/\/aisstechnologies.com\/hu\/wp-json\/wp\/v2\/media?parent=3136"}],"curies":[{"name":"wp","href":"https:\/\/api.w.org\/{rel}","templated":true}]}}