{"id":1917,"date":"2021-11-30T04:21:14","date_gmt":"2021-11-30T04:21:14","guid":{"rendered":"https:\/\/aisstechnologies.com\/?page_id=1917"},"modified":"2021-11-30T10:07:38","modified_gmt":"2021-11-30T10:07:38","slug":"screeenr","status":"publish","type":"page","link":"https:\/\/aisstechnologies.com\/hu\/screeenr\/","title":{"rendered":"Screeenr"},"content":{"rendered":"<p>[et_pb_section fb_built=&#8221;1&#8243; fullwidth=&#8221;on&#8221; admin_label=&#8221;Header&#8221; _builder_version=&#8221;4.10.8&#8243; use_background_color_gradient=&#8221;on&#8221; background_color_gradient_start=&#8221;#ffffff&#8221; background_color_gradient_end=&#8221;rgba(0,0,0,0.02)&#8221; background_color_gradient_direction=&#8221;163deg&#8221; background_color_gradient_start_position=&#8221;50%&#8221; background_color_gradient_end_position=&#8221;0%&#8221; background_image=&#8221;https:\/\/aisstechnologies.com\/wp-content\/uploads\/2021\/10\/basic-background-landing-page.png&#8221; parallax=&#8221;on&#8221; animation_style=&#8221;fade&#8221; global_colors_info=&#8221;{}&#8221;][et_pb_fullwidth_header title=&#8221;SCREEENR&#8221; subhead=&#8221;SCREEENER HARDVER KOMPONENS&#8221; content_max_width=&#8221;640px&#8221; _builder_version=&#8221;4.11.4&#8243; content_line_height=&#8221;2em&#8221; subhead_font=&#8221;|700||on|||||&#8221; background_color=&#8221;rgba(0,0,0,0)&#8221; button_one_icon=&#8221;%%24%%&#8221; button_one_on_hover=&#8221;off&#8221; button_two_icon=&#8221;%%24%%&#8221; button_two_on_hover=&#8221;off&#8221; vertical_offset_tablet=&#8221;0&#8243; horizontal_offset_tablet=&#8221;0&#8243; background_layout=&#8221;light&#8221; custom_margin=&#8221;|||&#8221; custom_padding=&#8221;10vw|||&#8221; animation_style=&#8221;zoom&#8221; animation_intensity_zoom=&#8221;0%&#8221; title_font_size_tablet=&#8221;&#8221; title_font_size_phone=&#8221;51&#8243; title_font_size_last_edited=&#8221;on|desktop&#8221; z_index_tablet=&#8221;0&#8243; title_text_shadow_horizontal_length_tablet=&#8221;0px&#8221; title_text_shadow_vertical_length_tablet=&#8221;0px&#8221; title_text_shadow_blur_strength_tablet=&#8221;1px&#8221; content_text_shadow_horizontal_length_tablet=&#8221;0px&#8221; content_text_shadow_vertical_length_tablet=&#8221;0px&#8221; content_text_shadow_blur_strength_tablet=&#8221;1px&#8221; subhead_text_shadow_horizontal_length_tablet=&#8221;0px&#8221; subhead_text_shadow_vertical_length_tablet=&#8221;0px&#8221; subhead_text_shadow_blur_strength_tablet=&#8221;1px&#8221; content_link_text_shadow_horizontal_length_tablet=&#8221;0px&#8221; content_link_text_shadow_vertical_length_tablet=&#8221;0px&#8221; content_link_text_shadow_blur_strength_tablet=&#8221;1px&#8221; content_ul_text_shadow_horizontal_length_tablet=&#8221;0px&#8221; content_ul_text_shadow_vertical_length_tablet=&#8221;0px&#8221; content_ul_text_shadow_blur_strength_tablet=&#8221;1px&#8221; content_ol_text_shadow_horizontal_length_tablet=&#8221;0px&#8221; content_ol_text_shadow_vertical_length_tablet=&#8221;0px&#8221; content_ol_text_shadow_blur_strength_tablet=&#8221;1px&#8221; content_quote_text_shadow_horizontal_length_tablet=&#8221;0px&#8221; content_quote_text_shadow_vertical_length_tablet=&#8221;0px&#8221; content_quote_text_shadow_blur_strength_tablet=&#8221;1px&#8221; button_one_text_shadow_horizontal_length_tablet=&#8221;0px&#8221; button_one_text_shadow_vertical_length_tablet=&#8221;0px&#8221; button_one_text_shadow_blur_strength_tablet=&#8221;1px&#8221; button_two_text_shadow_horizontal_length_tablet=&#8221;0px&#8221; button_two_text_shadow_vertical_length_tablet=&#8221;0px&#8221; button_two_text_shadow_blur_strength_tablet=&#8221;1px&#8221; box_shadow_horizontal_tablet=&#8221;0px&#8221; box_shadow_vertical_tablet=&#8221;0px&#8221; box_shadow_blur_tablet=&#8221;40px&#8221; box_shadow_spread_tablet=&#8221;0px&#8221; box_shadow_horizontal_image_tablet=&#8221;0px&#8221; box_shadow_vertical_image_tablet=&#8221;0px&#8221; box_shadow_blur_image_tablet=&#8221;40px&#8221; box_shadow_spread_image_tablet=&#8221;0px&#8221; box_shadow_horizontal_button_one_tablet=&#8221;0px&#8221; box_shadow_vertical_button_one_tablet=&#8221;0px&#8221; box_shadow_blur_button_one_tablet=&#8221;40px&#8221; box_shadow_spread_button_one_tablet=&#8221;0px&#8221; box_shadow_horizontal_button_two_tablet=&#8221;0px&#8221; box_shadow_vertical_button_two_tablet=&#8221;0px&#8221; box_shadow_blur_button_two_tablet=&#8221;40px&#8221; box_shadow_spread_button_two_tablet=&#8221;0px&#8221; text_shadow_horizontal_length_tablet=&#8221;0px&#8221; text_shadow_vertical_length_tablet=&#8221;0px&#8221; text_shadow_blur_strength_tablet=&#8221;1px&#8221; global_colors_info=&#8221;{}&#8221; button_one_text_size__hover_enabled=&#8221;off&#8221; button_one_text_size__hover=&#8221;null&#8221; button_two_text_size__hover_enabled=&#8221;off&#8221; button_two_text_size__hover=&#8221;null&#8221; button_one_text_color__hover_enabled=&#8221;off&#8221; button_one_text_color__hover=&#8221;null&#8221; button_two_text_color__hover_enabled=&#8221;off&#8221; button_two_text_color__hover=&#8221;null&#8221; button_one_border_width__hover_enabled=&#8221;off&#8221; button_one_border_width__hover=&#8221;null&#8221; button_two_border_width__hover_enabled=&#8221;off&#8221; button_two_border_width__hover=&#8221;null&#8221; button_one_border_color__hover_enabled=&#8221;off&#8221; button_one_border_color__hover=&#8221;null&#8221; button_two_border_color__hover_enabled=&#8221;off&#8221; button_two_border_color__hover=&#8221;null&#8221; button_one_border_radius__hover_enabled=&#8221;off&#8221; button_one_border_radius__hover=&#8221;null&#8221; button_two_border_radius__hover_enabled=&#8221;off&#8221; button_two_border_radius__hover=&#8221;null&#8221; button_one_letter_spacing__hover_enabled=&#8221;on&#8221; button_one_letter_spacing__hover=&#8221;2px&#8221; button_two_letter_spacing__hover_enabled=&#8221;on&#8221; button_two_letter_spacing__hover=&#8221;2px&#8221; button_one_bg_color__hover_enabled=&#8221;off&#8221; button_one_bg_color__hover=&#8221;null&#8221; button_two_bg_color__hover_enabled=&#8221;off&#8221; button_two_bg_color__hover=&#8221;null&#8221;]<\/p>\n<p>A <strong>SCREEEN<\/strong>R digital signage hardver komponenseit a platformunkhoz tervezt\u00fck, hogy a legjobb teljes\u00edtm\u00e9nyt, stabilit\u00e1st \u00e9s folyamatos lej\u00e1tsz\u00e1st garant\u00e1lj\u00e1k. \u00cdgy biztos\u00edtjuk sz\u00e1modra, hogy a legjobb digit\u00e1lis \u00e9lm\u00e9nyt tov\u00e1bb\u00edtsd a c\u00e9lk\u00f6z\u00f6ns\u00e9ged fel\u00e9.<\/p>\n<p>[\/et_pb_fullwidth_header][et_pb_fullwidth_image src=&#8221;https:\/\/aisstechnologies.com\/wp-content\/uploads\/2021\/10\/Hardware-Screeener-screens-pictures.png&#8221; alt=&#8221;Digital signage harware&#8221; title_text=&#8221;Hardware-Screeener-screens-pictures&#8221; _builder_version=&#8221;4.10.8&#8243; custom_margin=&#8221;-18%|||&#8221; animation_style=&#8221;zoom&#8221; animation_direction=&#8221;bottom&#8221; animation_duration=&#8221;1400ms&#8221; animation_intensity_zoom=&#8221;5%&#8221; global_colors_info=&#8221;{}&#8221;][\/et_pb_fullwidth_image][\/et_pb_section][et_pb_section fb_built=&#8221;1&#8243; admin_label=&#8221;Services&#8221; _builder_version=&#8221;3.22&#8243; global_colors_info=&#8221;{}&#8221;][et_pb_row column_structure=&#8221;1_2,1_2&#8243; make_equal=&#8221;on&#8221; _builder_version=&#8221;4.11.4&#8243; global_colors_info=&#8221;{}&#8221;][et_pb_column type=&#8221;1_2&#8243; _builder_version=&#8221;4.11.4&#8243; background_color=&#8221;#fafafa&#8221; custom_padding=&#8221;50px|30px|50px|30px|false|false&#8221; border_radii=&#8221;on|20px|20px|20px|20px&#8221; global_colors_info=&#8221;{}&#8221; custom_padding__hover=&#8221;|||&#8221;][et_pb_text _builder_version=&#8221;4.11.4&#8243; text_font=&#8221;||||||||&#8221; header_font=&#8221;||||||||&#8221; header_2_text_align=&#8221;center&#8221; animation_style=&#8221;slide&#8221; animation_direction=&#8221;right&#8221; animation_intensity_slide=&#8221;5%&#8221; global_colors_info=&#8221;{}&#8221;]<\/p>\n<h2>T\u00f6bbet szeretn\u00e9l megtudni?<\/h2>\n<p>[\/et_pb_text][et_pb_button button_url=&#8221;https:\/\/aisstechnologies.com\/hu\/termekek\/hardver\/&#8221; button_text=&#8221;Tudd meg most&#8221; button_alignment=&#8221;center&#8221; _builder_version=&#8221;4.11.4&#8243; _module_preset=&#8221;default&#8221; global_colors_info=&#8221;{}&#8221;][\/et_pb_button][et_pb_text _builder_version=&#8221;4.11.4&#8243; text_font=&#8221;||||||||&#8221; header_font=&#8221;||||||||&#8221; header_2_text_align=&#8221;center&#8221; text_orientation=&#8221;center&#8221; animation_style=&#8221;slide&#8221; animation_direction=&#8221;right&#8221; animation_intensity_slide=&#8221;5%&#8221; global_colors_info=&#8221;{}&#8221;]vagy[\/et_pb_text][et_pb_button button_url=&#8221;https:\/\/aisstechnologies.com\/hu\/kapcsolat\/&#8221; button_text=&#8221;L\u00e9pj vel\u00fcnk kapcsolatba&#8221; button_alignment=&#8221;center&#8221; _builder_version=&#8221;4.11.4&#8243; _module_preset=&#8221;default&#8221; global_colors_info=&#8221;{}&#8221;][\/et_pb_button][\/et_pb_column][et_pb_column type=&#8221;1_2&#8243; _builder_version=&#8221;4.11.4&#8243; background_color=&#8221;#fafafa&#8221; custom_padding=&#8221;50px|30px|50px|30px|false|false&#8221; border_radii=&#8221;on|20px|20px|20px|20px&#8221; global_colors_info=&#8221;{}&#8221; custom_padding__hover=&#8221;|||&#8221;][et_pb_text _builder_version=&#8221;4.11.4&#8243; text_font=&#8221;||||||||&#8221; header_font=&#8221;||||||||&#8221; header_2_text_align=&#8221;center&#8221; animation_style=&#8221;slide&#8221; animation_direction=&#8221;right&#8221; animation_intensity_slide=&#8221;5%&#8221; global_colors_info=&#8221;{}&#8221;]<\/p>\n<h2>T\u00e1mogat\u00e1sra van sz\u00fcks\u00e9ged?<\/h2>\n<p>[\/et_pb_text][et_pb_blurb use_icon=&#8221;on&#8221; font_icon=&#8221;%%109%%&#8221; icon_placement=&#8221;left&#8221; use_icon_font_size=&#8221;on&#8221; icon_font_size=&#8221;24px&#8221; _builder_version=&#8221;4.11.4&#8243; _module_preset=&#8221;default&#8221; header_font_size=&#8221;14px&#8221; header_letter_spacing=&#8221;2px&#8221; header_line_height=&#8221;1.8em&#8221; body_text_align=&#8221;center&#8221; body_text_color=&#8221;#323031&#8243; body_font_size=&#8221;14px&#8221; body_letter_spacing=&#8221;2px&#8221; body_line_height=&#8221;1.8em&#8221; text_orientation=&#8221;center&#8221; hover_enabled=&#8221;0&#8243; global_colors_info=&#8221;{}&#8221; sticky_enabled=&#8221;0&#8243;]<a href=\"&#x6d;&#x61;&#105;&#108;t&#x6f;&#x3a;&#x73;&#99;re&#x65;&#x65;&#110;&#114;-&#x73;&#x75;&#x70;&#112;or&#x74;&#x40;&#97;&#105;s&#x73;&#x2e;&#x68;&#117;\">&#83;&#x55;P&#80;&#x4f;R&#84;&#x40;A&#73;&#x53;S&#46;&#x48;U<\/a>[\/et_pb_blurb][et_pb_text _builder_version=&#8221;4.11.4&#8243; text_font=&#8221;||||||||&#8221; header_font=&#8221;||||||||&#8221; header_2_text_align=&#8221;center&#8221; text_orientation=&#8221;center&#8221; animation_style=&#8221;slide&#8221; animation_direction=&#8221;right&#8221; animation_intensity_slide=&#8221;5%&#8221; global_colors_info=&#8221;{}&#8221;]vagy[\/et_pb_text][et_pb_blurb title=&#8221;+36 1 264 2090&#8243; use_icon=&#8221;on&#8221; font_icon=&#8221;%%104%%&#8221; icon_placement=&#8221;left&#8221; use_icon_font_size=&#8221;on&#8221; icon_font_size=&#8221;24px&#8221; _builder_version=&#8221;4.11.4&#8243; _module_preset=&#8221;default&#8221; header_font=&#8221;|||on|||||&#8221; header_text_color=&#8221;#323031&#8243; header_font_size=&#8221;14px&#8221; header_letter_spacing=&#8221;2px&#8221; header_line_height=&#8221;1.8em&#8221; text_orientation=&#8221;center&#8221; global_colors_info=&#8221;{}&#8221;][\/et_pb_blurb][\/et_pb_column][\/et_pb_row][\/et_pb_section]<\/p>\n","protected":false},"excerpt":{"rendered":"<p>A SCREEENR digital signage hardver komponenseit a platformunkhoz tervezt\u00fck, hogy a legjobb teljes\u00edtm\u00e9nyt, stabilit\u00e1st \u00e9s folyamatos lej\u00e1tsz\u00e1st garant\u00e1lj\u00e1k. \u00cdgy biztos\u00edtjuk sz\u00e1modra, hogy a legjobb digit\u00e1lis \u00e9lm\u00e9nyt tov\u00e1bb\u00edtsd a c\u00e9lk\u00f6z\u00f6ns\u00e9ged fel\u00e9.T\u00f6bbet szeretn\u00e9l megtudni?vagyT\u00e1mogat\u00e1sra van &#x73;&#x7a;\u00fc&#x6b;&#x73;\u00e9&#x67;&#x65;&#x64;&#x3f;&#x53;&#x55;&#x50;&#x50;&#x4f;&#x52;&#x54;&#x40;&#x41;&#x49;&#x53;&#x53;&#x2e;&#x48;&#x55;&#x76;&#x61;&#x67;&#x79;<\/p>\n","protected":false},"author":3,"featured_media":0,"parent":0,"menu_order":0,"comment_status":"closed","ping_status":"closed","template":"","meta":{"_acf_changed":false,"_et_pb_use_builder":"on","_et_pb_old_content":"","_et_gb_content_width":"","inline_featured_image":false,"footnotes":""},"class_list":["post-1917","page","type-page","status-publish","hentry"],"acf":[],"yoast_head":"<!-- This site is optimized with the Yoast SEO plugin v27.3 - https:\/\/yoast.com\/product\/yoast-seo-wordpress\/ -->\n<title>SCREEENR Screeenr - AISS Technologies - Megb\u00edzhatsz benne!<\/title>\n<meta name=\"description\" content=\"SCREEENR hardver komponenseit a platformunkhoz tervezt\u00fck, hogy a legjobb teljes\u00edtm\u00e9nyt, stabilit\u00e1st \u00e9s folyamatos lej\u00e1tsz\u00e1st garant\u00e1lj\u00e1k.\" \/>\n<meta name=\"robots\" content=\"index, follow, max-snippet:-1, max-image-preview:large, max-video-preview:-1\" \/>\n<link rel=\"canonical\" href=\"https:\/\/aisstechnologies.com\/hu\/screeenr\/\" \/>\n<meta property=\"og:locale\" content=\"hu_HU\" \/>\n<meta property=\"og:type\" content=\"article\" \/>\n<meta property=\"og:title\" content=\"SCREEENR Screeenr - AISS Technologies - Megb\u00edzhatsz benne!\" \/>\n<meta property=\"og:description\" content=\"SCREEENR hardver komponenseit a platformunkhoz tervezt\u00fck, hogy a legjobb teljes\u00edtm\u00e9nyt, stabilit\u00e1st \u00e9s folyamatos lej\u00e1tsz\u00e1st garant\u00e1lj\u00e1k.\" \/>\n<meta property=\"og:url\" content=\"https:\/\/aisstechnologies.com\/hu\/screeenr\/\" \/>\n<meta property=\"og:site_name\" content=\"AISS Technologies\" \/>\n<meta property=\"article:modified_time\" content=\"2021-11-30T10:07:38+00:00\" \/>\n<meta name=\"twitter:card\" content=\"summary_large_image\" \/>\n<meta name=\"twitter:label1\" content=\"Becs\u00fclt olvas\u00e1si id\u0151\" \/>\n\t<meta name=\"twitter:data1\" content=\"6 perc\" \/>\n<script type=\"application\/ld+json\" class=\"yoast-schema-graph\">{\"@context\":\"https:\\\/\\\/schema.org\",\"@graph\":[{\"@type\":\"WebPage\",\"@id\":\"https:\\\/\\\/aisstechnologies.com\\\/hu\\\/screeenr\\\/\",\"url\":\"https:\\\/\\\/aisstechnologies.com\\\/hu\\\/screeenr\\\/\",\"name\":\"SCREEENR Screeenr - AISS Technologies - Megb\u00edzhatsz benne!\",\"isPartOf\":{\"@id\":\"https:\\\/\\\/aisstechnologies.com\\\/#website\"},\"datePublished\":\"2021-11-30T04:21:14+00:00\",\"dateModified\":\"2021-11-30T10:07:38+00:00\",\"description\":\"SCREEENR hardver komponenseit a platformunkhoz tervezt\u00fck, hogy a legjobb teljes\u00edtm\u00e9nyt, stabilit\u00e1st \u00e9s folyamatos lej\u00e1tsz\u00e1st garant\u00e1lj\u00e1k.\",\"breadcrumb\":{\"@id\":\"https:\\\/\\\/aisstechnologies.com\\\/hu\\\/screeenr\\\/#breadcrumb\"},\"inLanguage\":\"hu\",\"potentialAction\":[{\"@type\":\"ReadAction\",\"target\":[\"https:\\\/\\\/aisstechnologies.com\\\/hu\\\/screeenr\\\/\"]}]},{\"@type\":\"BreadcrumbList\",\"@id\":\"https:\\\/\\\/aisstechnologies.com\\\/hu\\\/screeenr\\\/#breadcrumb\",\"itemListElement\":[{\"@type\":\"ListItem\",\"position\":1,\"name\":\"Home\",\"item\":\"https:\\\/\\\/aisstechnologies.com\\\/hu\\\/\"},{\"@type\":\"ListItem\",\"position\":2,\"name\":\"Screeenr\"}]},{\"@type\":\"WebSite\",\"@id\":\"https:\\\/\\\/aisstechnologies.com\\\/#website\",\"url\":\"https:\\\/\\\/aisstechnologies.com\\\/\",\"name\":\"AISS Technologies\",\"description\":\"Digital interactions made possible through digital signage\",\"publisher\":{\"@id\":\"https:\\\/\\\/aisstechnologies.com\\\/#organization\"},\"potentialAction\":[{\"@type\":\"SearchAction\",\"target\":{\"@type\":\"EntryPoint\",\"urlTemplate\":\"https:\\\/\\\/aisstechnologies.com\\\/?s={search_term_string}\"},\"query-input\":{\"@type\":\"PropertyValueSpecification\",\"valueRequired\":true,\"valueName\":\"search_term_string\"}}],\"inLanguage\":\"hu\"},{\"@type\":\"Organization\",\"@id\":\"https:\\\/\\\/aisstechnologies.com\\\/#organization\",\"name\":\"AISS Technologies\",\"url\":\"https:\\\/\\\/aisstechnologies.com\\\/\",\"logo\":{\"@type\":\"ImageObject\",\"inLanguage\":\"hu\",\"@id\":\"https:\\\/\\\/aisstechnologies.com\\\/#\\\/schema\\\/logo\\\/image\\\/\",\"url\":\"https:\\\/\\\/aisstechnologies.com\\\/wp-content\\\/uploads\\\/2021\\\/10\\\/AiSS_logo_White.svg\",\"contentUrl\":\"https:\\\/\\\/aisstechnologies.com\\\/wp-content\\\/uploads\\\/2021\\\/10\\\/AiSS_logo_White.svg\",\"width\":141,\"height\":100,\"caption\":\"AISS Technologies\"},\"image\":{\"@id\":\"https:\\\/\\\/aisstechnologies.com\\\/#\\\/schema\\\/logo\\\/image\\\/\"}}]}<\/script>\n<!-- \/ Yoast SEO plugin. -->","yoast_head_json":{"title":"SCREEENR Screeenr - AISS Technologies - Megb\u00edzhatsz benne!","description":"SCREEENR hardver komponenseit a platformunkhoz tervezt\u00fck, hogy a legjobb teljes\u00edtm\u00e9nyt, stabilit\u00e1st \u00e9s folyamatos lej\u00e1tsz\u00e1st garant\u00e1lj\u00e1k.","robots":{"index":"index","follow":"follow","max-snippet":"max-snippet:-1","max-image-preview":"max-image-preview:large","max-video-preview":"max-video-preview:-1"},"canonical":"https:\/\/aisstechnologies.com\/hu\/screeenr\/","og_locale":"hu_HU","og_type":"article","og_title":"SCREEENR Screeenr - AISS Technologies - Megb\u00edzhatsz benne!","og_description":"SCREEENR hardver komponenseit a platformunkhoz tervezt\u00fck, hogy a legjobb teljes\u00edtm\u00e9nyt, stabilit\u00e1st \u00e9s folyamatos lej\u00e1tsz\u00e1st garant\u00e1lj\u00e1k.","og_url":"https:\/\/aisstechnologies.com\/hu\/screeenr\/","og_site_name":"AISS Technologies","article_modified_time":"2021-11-30T10:07:38+00:00","twitter_card":"summary_large_image","twitter_misc":{"Becs\u00fclt olvas\u00e1si id\u0151":"6 perc"},"schema":{"@context":"https:\/\/schema.org","@graph":[{"@type":"WebPage","@id":"https:\/\/aisstechnologies.com\/hu\/screeenr\/","url":"https:\/\/aisstechnologies.com\/hu\/screeenr\/","name":"SCREEENR Screeenr - AISS Technologies - Megb\u00edzhatsz benne!","isPartOf":{"@id":"https:\/\/aisstechnologies.com\/#website"},"datePublished":"2021-11-30T04:21:14+00:00","dateModified":"2021-11-30T10:07:38+00:00","description":"SCREEENR hardver komponenseit a platformunkhoz tervezt\u00fck, hogy a legjobb teljes\u00edtm\u00e9nyt, stabilit\u00e1st \u00e9s folyamatos lej\u00e1tsz\u00e1st garant\u00e1lj\u00e1k.","breadcrumb":{"@id":"https:\/\/aisstechnologies.com\/hu\/screeenr\/#breadcrumb"},"inLanguage":"hu","potentialAction":[{"@type":"ReadAction","target":["https:\/\/aisstechnologies.com\/hu\/screeenr\/"]}]},{"@type":"BreadcrumbList","@id":"https:\/\/aisstechnologies.com\/hu\/screeenr\/#breadcrumb","itemListElement":[{"@type":"ListItem","position":1,"name":"Home","item":"https:\/\/aisstechnologies.com\/hu\/"},{"@type":"ListItem","position":2,"name":"Screeenr"}]},{"@type":"WebSite","@id":"https:\/\/aisstechnologies.com\/#website","url":"https:\/\/aisstechnologies.com\/","name":"AISS Technologies","description":"Digital interactions made possible through digital signage","publisher":{"@id":"https:\/\/aisstechnologies.com\/#organization"},"potentialAction":[{"@type":"SearchAction","target":{"@type":"EntryPoint","urlTemplate":"https:\/\/aisstechnologies.com\/?s={search_term_string}"},"query-input":{"@type":"PropertyValueSpecification","valueRequired":true,"valueName":"search_term_string"}}],"inLanguage":"hu"},{"@type":"Organization","@id":"https:\/\/aisstechnologies.com\/#organization","name":"AISS Technologies","url":"https:\/\/aisstechnologies.com\/","logo":{"@type":"ImageObject","inLanguage":"hu","@id":"https:\/\/aisstechnologies.com\/#\/schema\/logo\/image\/","url":"https:\/\/aisstechnologies.com\/wp-content\/uploads\/2021\/10\/AiSS_logo_White.svg","contentUrl":"https:\/\/aisstechnologies.com\/wp-content\/uploads\/2021\/10\/AiSS_logo_White.svg","width":141,"height":100,"caption":"AISS Technologies"},"image":{"@id":"https:\/\/aisstechnologies.com\/#\/schema\/logo\/image\/"}}]}},"_links":{"self":[{"href":"https:\/\/aisstechnologies.com\/hu\/wp-json\/wp\/v2\/pages\/1917","targetHints":{"allow":["GET"]}}],"collection":[{"href":"https:\/\/aisstechnologies.com\/hu\/wp-json\/wp\/v2\/pages"}],"about":[{"href":"https:\/\/aisstechnologies.com\/hu\/wp-json\/wp\/v2\/types\/page"}],"author":[{"embeddable":true,"href":"https:\/\/aisstechnologies.com\/hu\/wp-json\/wp\/v2\/users\/3"}],"replies":[{"embeddable":true,"href":"https:\/\/aisstechnologies.com\/hu\/wp-json\/wp\/v2\/comments?post=1917"}],"version-history":[{"count":9,"href":"https:\/\/aisstechnologies.com\/hu\/wp-json\/wp\/v2\/pages\/1917\/revisions"}],"predecessor-version":[{"id":1936,"href":"https:\/\/aisstechnologies.com\/hu\/wp-json\/wp\/v2\/pages\/1917\/revisions\/1936"}],"wp:attachment":[{"href":"https:\/\/aisstechnologies.com\/hu\/wp-json\/wp\/v2\/media?parent=1917"}],"curies":[{"name":"wp","href":"https:\/\/api.w.org\/{rel}","templated":true}]}}