{"id":1404,"date":"2021-10-13T11:45:18","date_gmt":"2021-10-13T11:45:18","guid":{"rendered":"https:\/\/aisstechnologies.com\/?page_id=1404"},"modified":"2021-10-13T17:02:21","modified_gmt":"2021-10-13T17:02:21","slug":"palyazat","status":"publish","type":"page","link":"https:\/\/aisstechnologies.com\/hu\/palyazat\/","title":{"rendered":"P\u00e1ly\u00e1zat"},"content":{"rendered":"<p>[et_pb_section fb_built=&#8221;1&#8243; module_class=&#8221;c-basic-header dh-valign-center-section&#8221; _builder_version=&#8221;4.10.8&#8243; _module_preset=&#8221;default&#8221; use_background_color_gradient=&#8221;on&#8221; background_color_gradient_start=&#8221;rgba(0,0,0,0.02)&#8221; background_color_gradient_end=&#8221;#ffffff&#8221; background_color_gradient_direction=&#8221;163deg&#8221; background_color_gradient_start_position=&#8221;50%&#8221; background_color_gradient_end_position=&#8221;0%&#8221; background_image=&#8221;https:\/\/aisstechnologies.com\/wp-content\/uploads\/2021\/10\/web-dev-03.png&#8221; parallax=&#8221;on&#8221; global_colors_info=&#8221;{}&#8221;][et_pb_row make_equal=&#8221;on&#8221; _builder_version=&#8221;4.10.8&#8243; _module_preset=&#8221;default&#8221; global_colors_info=&#8221;{}&#8221;][et_pb_column type=&#8221;4_4&#8243; _builder_version=&#8221;4.10.8&#8243; _module_preset=&#8221;default&#8221; global_colors_info=&#8221;{}&#8221;][et_pb_text _builder_version=&#8221;4.11.2&#8243; _module_preset=&#8221;default&#8221; vertical_offset_tablet=&#8221;0&#8243; horizontal_offset_tablet=&#8221;0&#8243; max_width=&#8221;640px&#8221; z_index_tablet=&#8221;0&#8243; text_text_shadow_horizontal_length_tablet=&#8221;0px&#8221; text_text_shadow_vertical_length_tablet=&#8221;0px&#8221; text_text_shadow_blur_strength_tablet=&#8221;1px&#8221; link_text_shadow_horizontal_length_tablet=&#8221;0px&#8221; link_text_shadow_vertical_length_tablet=&#8221;0px&#8221; link_text_shadow_blur_strength_tablet=&#8221;1px&#8221; ul_text_shadow_horizontal_length_tablet=&#8221;0px&#8221; ul_text_shadow_vertical_length_tablet=&#8221;0px&#8221; ul_text_shadow_blur_strength_tablet=&#8221;1px&#8221; ol_text_shadow_horizontal_length_tablet=&#8221;0px&#8221; ol_text_shadow_vertical_length_tablet=&#8221;0px&#8221; ol_text_shadow_blur_strength_tablet=&#8221;1px&#8221; quote_text_shadow_horizontal_length_tablet=&#8221;0px&#8221; quote_text_shadow_vertical_length_tablet=&#8221;0px&#8221; quote_text_shadow_blur_strength_tablet=&#8221;1px&#8221; header_text_shadow_horizontal_length_tablet=&#8221;0px&#8221; header_text_shadow_vertical_length_tablet=&#8221;0px&#8221; header_text_shadow_blur_strength_tablet=&#8221;1px&#8221; header_2_text_shadow_horizontal_length_tablet=&#8221;0px&#8221; header_2_text_shadow_vertical_length_tablet=&#8221;0px&#8221; header_2_text_shadow_blur_strength_tablet=&#8221;1px&#8221; header_3_text_shadow_horizontal_length_tablet=&#8221;0px&#8221; header_3_text_shadow_vertical_length_tablet=&#8221;0px&#8221; header_3_text_shadow_blur_strength_tablet=&#8221;1px&#8221; header_4_text_shadow_horizontal_length_tablet=&#8221;0px&#8221; header_4_text_shadow_vertical_length_tablet=&#8221;0px&#8221; header_4_text_shadow_blur_strength_tablet=&#8221;1px&#8221; header_5_text_shadow_horizontal_length_tablet=&#8221;0px&#8221; header_5_text_shadow_vertical_length_tablet=&#8221;0px&#8221; header_5_text_shadow_blur_strength_tablet=&#8221;1px&#8221; header_6_text_shadow_horizontal_length_tablet=&#8221;0px&#8221; header_6_text_shadow_vertical_length_tablet=&#8221;0px&#8221; header_6_text_shadow_blur_strength_tablet=&#8221;1px&#8221; box_shadow_horizontal_tablet=&#8221;0px&#8221; box_shadow_vertical_tablet=&#8221;0px&#8221; box_shadow_blur_tablet=&#8221;40px&#8221; box_shadow_spread_tablet=&#8221;0px&#8221; global_colors_info=&#8221;{}&#8221;]<\/p>\n<h1>P\u00e1ly\u00e1zat<\/h1>\n<p>[\/et_pb_text][\/et_pb_column][\/et_pb_row][\/et_pb_section][et_pb_section fb_built=&#8221;1&#8243; admin_label=&#8221;Services&#8221; _builder_version=&#8221;3.22&#8243; global_colors_info=&#8221;{}&#8221;][et_pb_row _builder_version=&#8221;3.25&#8243; custom_padding=&#8221;|||&#8221; global_colors_info=&#8221;{}&#8221;][et_pb_column type=&#8221;4_4&#8243; _builder_version=&#8221;3.12.2&#8243; custom_padding=&#8221;|||&#8221; global_colors_info=&#8221;{}&#8221; custom_padding__hover=&#8221;|||&#8221;][et_pb_text _builder_version=&#8221;4.11.2&#8243; text_font=&#8221;||||||||&#8221; header_font=&#8221;||||||||&#8221; header_2_text_align=&#8221;center&#8221; animation_style=&#8221;slide&#8221; animation_direction=&#8221;right&#8221; animation_intensity_slide=&#8221;5%&#8221; global_colors_info=&#8221;{}&#8221;]<\/p>\n<p><strong>Aiss Technologies Korl\u00e1tolt Felel\u0151ss\u00e9g\u0171 T\u00e1rsas\u00e1g<\/strong><br \/><strong>Felh\u00edv\u00e1s azonos\u00edt\u00f3 jele:<\/strong><br \/>GINOP-8.1.3\/B-17<\/p>\n<p><strong>Project tartalm\u00e1nak bemutat\u00e1sa:<\/strong><br \/>Az Aiss Technologies Kft. a nagy \u00fcgyf\u00e9lforgalm\u00fa, f\u0151leg kereskedelmi c\u00e9l\u00fa \u00fczletterek (in-store) digit\u00e1lis tartalomkezel\u0151 megold\u00e1sainak specialist\u00e1ja. Az Aiss rendszerei egy id\u0151ben teszik lehet\u0151v\u00e9 ak\u00e1r t\u00f6bb ezer digit\u00e1lis k\u00e9perny\u0151 hat\u00e9kony menedzsel\u00e9s\u00e9t valamint \u00e9rint\u0151 k\u00e9perny\u0151k\u00f6n kereszt\u00fcl az \u00fcgyf\u00e9lkiszolg\u00e1l\u00e1si folyamatok gyors kezel\u00e9s\u00e9t. Megold\u00e1saink haszn\u00e1lat\u00e1val \u00dcgyfeleink jelent\u0151sen cs\u00f6kkenthetik nyomdai, HR \u00e9s retail hirdet\u00e9si k\u00f6lts\u00e9geiket, valamint n\u00f6velhetik az \u00e9rt\u00e9kes\u00edt\u00e9s hat\u00e9konys\u00e1g\u00e1t.<\/p>\n<p><strong>A projekt c\u00e9lja:<\/strong><br \/>\u00dcgyf\u00e9lkiszolg\u00e1l\u00e1si folyamatok \u00e9rint\u0151k\u00e9perny\u0151n kereszt\u00fcl t\u00f6rt\u00e9n\u0151 gyors kezel\u00e9s\u00e9nek fejleszt\u00e9se \u00e9s a nemzetk\u00f6zi piacra jut\u00e1s t\u00e1mogat\u00e1sa<\/p>\n<p><strong>Projekt tervezett befejez\u00e9si d\u00e1tuma:<\/strong><br \/>2024. december<\/p>\n<p><strong>Szerz\u0151d\u00f6tt t\u00e1mogat\u00e1s \u00f6sszege:<\/strong><br \/>350.000.000 Ft<\/p>\n<p>&nbsp;<\/p>\n<p><strong>Felh\u00edv\u00e1s azonos\u00edt\u00f3 jele:<\/strong><br \/>GINOP-5.2.4.-16-2016-00170<\/p>\n<p><strong>A projekt c\u00edme:<\/strong> AISS Gyakornoki program<br \/><strong>A szerz\u0151d\u00f6tt t\u00e1mogat\u00e1s \u00f6sszege:<\/strong> 21,39 milli\u00f3 Forint<br \/><strong>A t\u00e1mogat\u00e1s m\u00e9rt\u00e9ke:<\/strong> 100%<br \/><strong>Projekt tervezett befejez\u00e9si d\u00e1tuma:<\/strong> 2019. febru\u00e1r 06.<\/p>\n<p><strong>Projekt tartalm\u00e1nak bemutat\u00e1sa:<\/strong><br \/>A GINOP-5.2.4.-16 p\u00e1ly\u00e1zatban t\u00f6rt\u00e9n\u0151 r\u00e9szv\u00e9tellel kett\u0151s c\u00e9lja van v\u00e1llalatunknak. Egyr\u00e9szt a p\u00e1ly\u00e1zat adta t\u00e1mogat\u00e1ssal szeretn\u00e9nk a jelenlegi \u00e1llom\u00e1nyunkat fejleszteni, m\u00e1sr\u00e9szt a gyakornoki program lehet\u0151s\u00e9get biztos\u00edt arra, hogy a jelenleg m\u00e9g k\u00f6lcs\u00f6nz\u00e9sben m\u0171k\u00f6dtetett csapatot id\u0151vel felv\u00e1ltsuk saj\u00e1t alkalmazottakkal. Ez term\u00e9szetesen azt jelenti, hogy a t\u00e1mogatott id\u0151szakon t\u00fal, nem a minim\u00e1lis id\u0151tartam\u00fa tov\u00e1bb foglalkoztat\u00e1sban, hanem a gyakornokok f\u0151 \u00e1ll\u00e1sba v\u00e9tel\u00e9ben, \u00e9s hossz\u00fa t\u00e1v\u00fa alkalmaz\u00e1s\u00e1ban vagyunk \u00e9rdekeltek. C\u00e9g\u00fcnkn\u00e9l jelenleg is bevett gyakorlat a di\u00e1kok illetve a gyakornokok fogad\u00e1sa, jelenleg is van mindkett\u0151re p\u00e9lda. A gyakornoki programban r\u00e9sztvev\u0151 koll\u00e9g\u00e1k (10 F\u0151) a minimum 9+4,5 h\u00f3nap alatt lehet\u0151s\u00e9get kapnak arra, hogy nemzetk\u00f6zi projekteken dolgozhassanak, napi szinten haszn\u00e1lhassanak idegen nyelvet, megismerj\u00e9k a nagy nemzetk\u00f6zi v\u00e1llalatok k\u00f6vetelm\u00e9nyeit \u00e9s term\u00e9szetesen, ami a legfontosabb, hogy a programot k\u00f6vet\u0151en tov\u00e1bbi munkalehet\u0151s\u00e9get is biztos\u00edt a v\u00e1llalat sz\u00e1mukra. E c\u00e9lhoz j\u00e1rulnak hozz\u00e1 a projekt keret\u00e9ben beszerezni k\u00edv\u00e1nt eszk\u00f6z\u00f6k is. A gyakornoki program megval\u00f3sul\u00e1sa seg\u00edti a fiatalok munkatapasztalat szerz\u00e9s\u00e9t, t\u00e1mogatva a fels\u0151fok\u00fa v\u00e9gzetts\u00e9ggel nem rendelkez\u0151k szakmai karrierj\u00e9nek, p\u00e1lyafut\u00e1s\u00e1nak meger\u0151s\u00edt\u00e9s\u00e9t. Gyakornokk\u00e9nt a fiatalok val\u00f3di munkatapasztalatot szerezhetnek, ez\u00e1ltal javul foglalkoztathat\u00f3s\u00e1guk \u00e9s hosszabb t\u00e1v\u00fa munkaer\u0151-piaci es\u00e9lyeik.<\/p>\n<p>[\/et_pb_text][\/et_pb_column][\/et_pb_row][\/et_pb_section]<\/p>\n","protected":false},"excerpt":{"rendered":"<p>P\u00e1ly\u00e1zatAiss Technologies Korl\u00e1tolt Felel\u0151ss\u00e9g\u0171 T\u00e1rsas\u00e1gFelh\u00edv\u00e1s azonos\u00edt\u00f3 jele:GINOP-8.1.3\/B-17 Project tartalm\u00e1nak bemutat\u00e1sa:Az Aiss Technologies Kft. a nagy \u00fcgyf\u00e9lforgalm\u00fa, f\u0151leg kereskedelmi c\u00e9l\u00fa \u00fczletterek (in-store) digit\u00e1lis tartalomkezel\u0151 megold\u00e1sainak specialist\u00e1ja. Az Aiss rendszerei egy id\u0151ben teszik lehet\u0151v\u00e9 ak\u00e1r t\u00f6bb ezer digit\u00e1lis k\u00e9perny\u0151 hat\u00e9kony menedzsel\u00e9s\u00e9t valamint \u00e9rint\u0151 k\u00e9perny\u0151k\u00f6n kereszt\u00fcl az \u00fcgyf\u00e9lkiszolg\u00e1l\u00e1si folyamatok gyors kezel\u00e9s\u00e9t. Megold\u00e1saink haszn\u00e1lat\u00e1val \u00dcgyfeleink jelent\u0151sen cs\u00f6kkenthetik nyomdai, HR \u00e9s retail hirdet\u00e9si k\u00f6lts\u00e9geiket, valamint n\u00f6velhetik az \u00e9rt\u00e9kes\u00edt\u00e9s hat\u00e9konys\u00e1g\u00e1t. A projekt c\u00e9lja:\u00dcgyf\u00e9lkiszolg\u00e1l\u00e1si folyamatok \u00e9rint\u0151k\u00e9perny\u0151n kereszt\u00fcl t\u00f6rt\u00e9n\u0151 gyors kezel\u00e9s\u00e9nek fejleszt\u00e9se \u00e9s a nemzetk\u00f6zi piacra jut\u00e1s t\u00e1mogat\u00e1sa Projekt tervezett befejez\u00e9si d\u00e1tuma:2024. december Szerz\u0151d\u00f6tt t\u00e1mogat\u00e1s \u00f6sszege:350.000.000 Ft &nbsp; Felh\u00edv\u00e1s azonos\u00edt\u00f3 jele:GINOP-5.2.4.-16-2016-00170 A projekt c\u00edme: AISS Gyakornoki programA szerz\u0151d\u00f6tt t\u00e1mogat\u00e1s \u00f6sszege: 21,39 milli\u00f3 ForintA t\u00e1mogat\u00e1s m\u00e9rt\u00e9ke: 100%Projekt tervezett befejez\u00e9si d\u00e1tuma: 2019. febru\u00e1r 06. Projekt tartalm\u00e1nak bemutat\u00e1sa:A GINOP-5.2.4.-16 p\u00e1ly\u00e1zatban t\u00f6rt\u00e9n\u0151 r\u00e9szv\u00e9tellel kett\u0151s c\u00e9lja van v\u00e1llalatunknak. Egyr\u00e9szt a p\u00e1ly\u00e1zat adta t\u00e1mogat\u00e1ssal szeretn\u00e9nk a jelenlegi \u00e1llom\u00e1nyunkat fejleszteni, m\u00e1sr\u00e9szt a gyakornoki program lehet\u0151s\u00e9get biztos\u00edt arra, hogy a jelenleg m\u00e9g k\u00f6lcs\u00f6nz\u00e9sben m\u0171k\u00f6dtetett csapatot id\u0151vel felv\u00e1ltsuk saj\u00e1t alkalmazottakkal. Ez term\u00e9szetesen azt jelenti, hogy a t\u00e1mogatott id\u0151szakon t\u00fal, nem a minim\u00e1lis id\u0151tartam\u00fa tov\u00e1bb foglalkoztat\u00e1sban, hanem a gyakornokok f\u0151 \u00e1ll\u00e1sba v\u00e9tel\u00e9ben, \u00e9s hossz\u00fa t\u00e1v\u00fa alkalmaz\u00e1s\u00e1ban vagyunk \u00e9rdekeltek. C\u00e9g\u00fcnkn\u00e9l jelenleg is bevett gyakorlat a di\u00e1kok illetve a gyakornokok fogad\u00e1sa, jelenleg is van mindkett\u0151re p\u00e9lda. A gyakornoki programban r\u00e9sztvev\u0151 [&hellip;]<\/p>\n","protected":false},"author":3,"featured_media":0,"parent":0,"menu_order":0,"comment_status":"closed","ping_status":"closed","template":"","meta":{"_acf_changed":false,"_et_pb_use_builder":"on","_et_pb_old_content":"","_et_gb_content_width":"","inline_featured_image":false,"footnotes":""},"class_list":["post-1404","page","type-page","status-publish","hentry"],"acf":[],"yoast_head":"<!-- This site is optimized with the Yoast SEO plugin v27.3 - https:\/\/yoast.com\/product\/yoast-seo-wordpress\/ -->\n<title>P\u00e1ly\u00e1zat - AISS Technologies<\/title>\n<meta name=\"robots\" content=\"index, follow, max-snippet:-1, max-image-preview:large, max-video-preview:-1\" \/>\n<link rel=\"canonical\" href=\"https:\/\/aisstechnologies.com\/hu\/palyazat\/\" \/>\n<meta property=\"og:locale\" content=\"hu_HU\" \/>\n<meta property=\"og:type\" content=\"article\" \/>\n<meta property=\"og:title\" content=\"P\u00e1ly\u00e1zat - AISS Technologies\" \/>\n<meta property=\"og:description\" content=\"P\u00e1ly\u00e1zatAiss Technologies Korl\u00e1tolt Felel\u0151ss\u00e9g\u0171 T\u00e1rsas\u00e1gFelh\u00edv\u00e1s azonos\u00edt\u00f3 jele:GINOP-8.1.3\/B-17 Project tartalm\u00e1nak bemutat\u00e1sa:Az Aiss Technologies Kft. a nagy \u00fcgyf\u00e9lforgalm\u00fa, f\u0151leg kereskedelmi c\u00e9l\u00fa \u00fczletterek (in-store) digit\u00e1lis tartalomkezel\u0151 megold\u00e1sainak specialist\u00e1ja. Az Aiss rendszerei egy id\u0151ben teszik lehet\u0151v\u00e9 ak\u00e1r t\u00f6bb ezer digit\u00e1lis k\u00e9perny\u0151 hat\u00e9kony menedzsel\u00e9s\u00e9t valamint \u00e9rint\u0151 k\u00e9perny\u0151k\u00f6n kereszt\u00fcl az \u00fcgyf\u00e9lkiszolg\u00e1l\u00e1si folyamatok gyors kezel\u00e9s\u00e9t. Megold\u00e1saink haszn\u00e1lat\u00e1val \u00dcgyfeleink jelent\u0151sen cs\u00f6kkenthetik nyomdai, HR \u00e9s retail hirdet\u00e9si k\u00f6lts\u00e9geiket, valamint n\u00f6velhetik az \u00e9rt\u00e9kes\u00edt\u00e9s hat\u00e9konys\u00e1g\u00e1t. A projekt c\u00e9lja:\u00dcgyf\u00e9lkiszolg\u00e1l\u00e1si folyamatok \u00e9rint\u0151k\u00e9perny\u0151n kereszt\u00fcl t\u00f6rt\u00e9n\u0151 gyors kezel\u00e9s\u00e9nek fejleszt\u00e9se \u00e9s a nemzetk\u00f6zi piacra jut\u00e1s t\u00e1mogat\u00e1sa Projekt tervezett befejez\u00e9si d\u00e1tuma:2024. december Szerz\u0151d\u00f6tt t\u00e1mogat\u00e1s \u00f6sszege:350.000.000 Ft &nbsp; Felh\u00edv\u00e1s azonos\u00edt\u00f3 jele:GINOP-5.2.4.-16-2016-00170 A projekt c\u00edme: AISS Gyakornoki programA szerz\u0151d\u00f6tt t\u00e1mogat\u00e1s \u00f6sszege: 21,39 milli\u00f3 ForintA t\u00e1mogat\u00e1s m\u00e9rt\u00e9ke: 100%Projekt tervezett befejez\u00e9si d\u00e1tuma: 2019. febru\u00e1r 06. Projekt tartalm\u00e1nak bemutat\u00e1sa:A GINOP-5.2.4.-16 p\u00e1ly\u00e1zatban t\u00f6rt\u00e9n\u0151 r\u00e9szv\u00e9tellel kett\u0151s c\u00e9lja van v\u00e1llalatunknak. Egyr\u00e9szt a p\u00e1ly\u00e1zat adta t\u00e1mogat\u00e1ssal szeretn\u00e9nk a jelenlegi \u00e1llom\u00e1nyunkat fejleszteni, m\u00e1sr\u00e9szt a gyakornoki program lehet\u0151s\u00e9get biztos\u00edt arra, hogy a jelenleg m\u00e9g k\u00f6lcs\u00f6nz\u00e9sben m\u0171k\u00f6dtetett csapatot id\u0151vel felv\u00e1ltsuk saj\u00e1t alkalmazottakkal. Ez term\u00e9szetesen azt jelenti, hogy a t\u00e1mogatott id\u0151szakon t\u00fal, nem a minim\u00e1lis id\u0151tartam\u00fa tov\u00e1bb foglalkoztat\u00e1sban, hanem a gyakornokok f\u0151 \u00e1ll\u00e1sba v\u00e9tel\u00e9ben, \u00e9s hossz\u00fa t\u00e1v\u00fa alkalmaz\u00e1s\u00e1ban vagyunk \u00e9rdekeltek. C\u00e9g\u00fcnkn\u00e9l jelenleg is bevett gyakorlat a di\u00e1kok illetve a gyakornokok fogad\u00e1sa, jelenleg is van mindkett\u0151re p\u00e9lda. A gyakornoki programban r\u00e9sztvev\u0151 [&hellip;]\" \/>\n<meta property=\"og:url\" content=\"https:\/\/aisstechnologies.com\/hu\/palyazat\/\" \/>\n<meta property=\"og:site_name\" content=\"AISS Technologies\" \/>\n<meta property=\"article:modified_time\" content=\"2021-10-13T17:02:21+00:00\" \/>\n<meta name=\"twitter:card\" content=\"summary_large_image\" \/>\n<meta name=\"twitter:label1\" content=\"Becs\u00fclt olvas\u00e1si id\u0151\" \/>\n\t<meta name=\"twitter:data1\" content=\"5 perc\" \/>\n<script type=\"application\/ld+json\" class=\"yoast-schema-graph\">{\"@context\":\"https:\\\/\\\/schema.org\",\"@graph\":[{\"@type\":\"WebPage\",\"@id\":\"https:\\\/\\\/aisstechnologies.com\\\/hu\\\/palyazat\\\/\",\"url\":\"https:\\\/\\\/aisstechnologies.com\\\/hu\\\/palyazat\\\/\",\"name\":\"P\u00e1ly\u00e1zat - AISS Technologies\",\"isPartOf\":{\"@id\":\"https:\\\/\\\/aisstechnologies.com\\\/#website\"},\"datePublished\":\"2021-10-13T11:45:18+00:00\",\"dateModified\":\"2021-10-13T17:02:21+00:00\",\"breadcrumb\":{\"@id\":\"https:\\\/\\\/aisstechnologies.com\\\/hu\\\/palyazat\\\/#breadcrumb\"},\"inLanguage\":\"hu\",\"potentialAction\":[{\"@type\":\"ReadAction\",\"target\":[\"https:\\\/\\\/aisstechnologies.com\\\/hu\\\/palyazat\\\/\"]}]},{\"@type\":\"BreadcrumbList\",\"@id\":\"https:\\\/\\\/aisstechnologies.com\\\/hu\\\/palyazat\\\/#breadcrumb\",\"itemListElement\":[{\"@type\":\"ListItem\",\"position\":1,\"name\":\"Home\",\"item\":\"https:\\\/\\\/aisstechnologies.com\\\/hu\\\/\"},{\"@type\":\"ListItem\",\"position\":2,\"name\":\"P\u00e1ly\u00e1zat\"}]},{\"@type\":\"WebSite\",\"@id\":\"https:\\\/\\\/aisstechnologies.com\\\/#website\",\"url\":\"https:\\\/\\\/aisstechnologies.com\\\/\",\"name\":\"AISS Technologies\",\"description\":\"Digital interactions made possible through digital signage\",\"publisher\":{\"@id\":\"https:\\\/\\\/aisstechnologies.com\\\/#organization\"},\"potentialAction\":[{\"@type\":\"SearchAction\",\"target\":{\"@type\":\"EntryPoint\",\"urlTemplate\":\"https:\\\/\\\/aisstechnologies.com\\\/?s={search_term_string}\"},\"query-input\":{\"@type\":\"PropertyValueSpecification\",\"valueRequired\":true,\"valueName\":\"search_term_string\"}}],\"inLanguage\":\"hu\"},{\"@type\":\"Organization\",\"@id\":\"https:\\\/\\\/aisstechnologies.com\\\/#organization\",\"name\":\"AISS Technologies\",\"url\":\"https:\\\/\\\/aisstechnologies.com\\\/\",\"logo\":{\"@type\":\"ImageObject\",\"inLanguage\":\"hu\",\"@id\":\"https:\\\/\\\/aisstechnologies.com\\\/#\\\/schema\\\/logo\\\/image\\\/\",\"url\":\"https:\\\/\\\/aisstechnologies.com\\\/wp-content\\\/uploads\\\/2021\\\/10\\\/AiSS_logo_White.svg\",\"contentUrl\":\"https:\\\/\\\/aisstechnologies.com\\\/wp-content\\\/uploads\\\/2021\\\/10\\\/AiSS_logo_White.svg\",\"width\":141,\"height\":100,\"caption\":\"AISS Technologies\"},\"image\":{\"@id\":\"https:\\\/\\\/aisstechnologies.com\\\/#\\\/schema\\\/logo\\\/image\\\/\"}}]}<\/script>\n<!-- \/ Yoast SEO plugin. -->","yoast_head_json":{"title":"P\u00e1ly\u00e1zat - AISS Technologies","robots":{"index":"index","follow":"follow","max-snippet":"max-snippet:-1","max-image-preview":"max-image-preview:large","max-video-preview":"max-video-preview:-1"},"canonical":"https:\/\/aisstechnologies.com\/hu\/palyazat\/","og_locale":"hu_HU","og_type":"article","og_title":"P\u00e1ly\u00e1zat - AISS Technologies","og_description":"P\u00e1ly\u00e1zatAiss Technologies Korl\u00e1tolt Felel\u0151ss\u00e9g\u0171 T\u00e1rsas\u00e1gFelh\u00edv\u00e1s azonos\u00edt\u00f3 jele:GINOP-8.1.3\/B-17 Project tartalm\u00e1nak bemutat\u00e1sa:Az Aiss Technologies Kft. a nagy \u00fcgyf\u00e9lforgalm\u00fa, f\u0151leg kereskedelmi c\u00e9l\u00fa \u00fczletterek (in-store) digit\u00e1lis tartalomkezel\u0151 megold\u00e1sainak specialist\u00e1ja. Az Aiss rendszerei egy id\u0151ben teszik lehet\u0151v\u00e9 ak\u00e1r t\u00f6bb ezer digit\u00e1lis k\u00e9perny\u0151 hat\u00e9kony menedzsel\u00e9s\u00e9t valamint \u00e9rint\u0151 k\u00e9perny\u0151k\u00f6n kereszt\u00fcl az \u00fcgyf\u00e9lkiszolg\u00e1l\u00e1si folyamatok gyors kezel\u00e9s\u00e9t. Megold\u00e1saink haszn\u00e1lat\u00e1val \u00dcgyfeleink jelent\u0151sen cs\u00f6kkenthetik nyomdai, HR \u00e9s retail hirdet\u00e9si k\u00f6lts\u00e9geiket, valamint n\u00f6velhetik az \u00e9rt\u00e9kes\u00edt\u00e9s hat\u00e9konys\u00e1g\u00e1t. A projekt c\u00e9lja:\u00dcgyf\u00e9lkiszolg\u00e1l\u00e1si folyamatok \u00e9rint\u0151k\u00e9perny\u0151n kereszt\u00fcl t\u00f6rt\u00e9n\u0151 gyors kezel\u00e9s\u00e9nek fejleszt\u00e9se \u00e9s a nemzetk\u00f6zi piacra jut\u00e1s t\u00e1mogat\u00e1sa Projekt tervezett befejez\u00e9si d\u00e1tuma:2024. december Szerz\u0151d\u00f6tt t\u00e1mogat\u00e1s \u00f6sszege:350.000.000 Ft &nbsp; Felh\u00edv\u00e1s azonos\u00edt\u00f3 jele:GINOP-5.2.4.-16-2016-00170 A projekt c\u00edme: AISS Gyakornoki programA szerz\u0151d\u00f6tt t\u00e1mogat\u00e1s \u00f6sszege: 21,39 milli\u00f3 ForintA t\u00e1mogat\u00e1s m\u00e9rt\u00e9ke: 100%Projekt tervezett befejez\u00e9si d\u00e1tuma: 2019. febru\u00e1r 06. Projekt tartalm\u00e1nak bemutat\u00e1sa:A GINOP-5.2.4.-16 p\u00e1ly\u00e1zatban t\u00f6rt\u00e9n\u0151 r\u00e9szv\u00e9tellel kett\u0151s c\u00e9lja van v\u00e1llalatunknak. Egyr\u00e9szt a p\u00e1ly\u00e1zat adta t\u00e1mogat\u00e1ssal szeretn\u00e9nk a jelenlegi \u00e1llom\u00e1nyunkat fejleszteni, m\u00e1sr\u00e9szt a gyakornoki program lehet\u0151s\u00e9get biztos\u00edt arra, hogy a jelenleg m\u00e9g k\u00f6lcs\u00f6nz\u00e9sben m\u0171k\u00f6dtetett csapatot id\u0151vel felv\u00e1ltsuk saj\u00e1t alkalmazottakkal. Ez term\u00e9szetesen azt jelenti, hogy a t\u00e1mogatott id\u0151szakon t\u00fal, nem a minim\u00e1lis id\u0151tartam\u00fa tov\u00e1bb foglalkoztat\u00e1sban, hanem a gyakornokok f\u0151 \u00e1ll\u00e1sba v\u00e9tel\u00e9ben, \u00e9s hossz\u00fa t\u00e1v\u00fa alkalmaz\u00e1s\u00e1ban vagyunk \u00e9rdekeltek. C\u00e9g\u00fcnkn\u00e9l jelenleg is bevett gyakorlat a di\u00e1kok illetve a gyakornokok fogad\u00e1sa, jelenleg is van mindkett\u0151re p\u00e9lda. A gyakornoki programban r\u00e9sztvev\u0151 [&hellip;]","og_url":"https:\/\/aisstechnologies.com\/hu\/palyazat\/","og_site_name":"AISS Technologies","article_modified_time":"2021-10-13T17:02:21+00:00","twitter_card":"summary_large_image","twitter_misc":{"Becs\u00fclt olvas\u00e1si id\u0151":"5 perc"},"schema":{"@context":"https:\/\/schema.org","@graph":[{"@type":"WebPage","@id":"https:\/\/aisstechnologies.com\/hu\/palyazat\/","url":"https:\/\/aisstechnologies.com\/hu\/palyazat\/","name":"P\u00e1ly\u00e1zat - AISS Technologies","isPartOf":{"@id":"https:\/\/aisstechnologies.com\/#website"},"datePublished":"2021-10-13T11:45:18+00:00","dateModified":"2021-10-13T17:02:21+00:00","breadcrumb":{"@id":"https:\/\/aisstechnologies.com\/hu\/palyazat\/#breadcrumb"},"inLanguage":"hu","potentialAction":[{"@type":"ReadAction","target":["https:\/\/aisstechnologies.com\/hu\/palyazat\/"]}]},{"@type":"BreadcrumbList","@id":"https:\/\/aisstechnologies.com\/hu\/palyazat\/#breadcrumb","itemListElement":[{"@type":"ListItem","position":1,"name":"Home","item":"https:\/\/aisstechnologies.com\/hu\/"},{"@type":"ListItem","position":2,"name":"P\u00e1ly\u00e1zat"}]},{"@type":"WebSite","@id":"https:\/\/aisstechnologies.com\/#website","url":"https:\/\/aisstechnologies.com\/","name":"AISS Technologies","description":"Digital interactions made possible through digital signage","publisher":{"@id":"https:\/\/aisstechnologies.com\/#organization"},"potentialAction":[{"@type":"SearchAction","target":{"@type":"EntryPoint","urlTemplate":"https:\/\/aisstechnologies.com\/?s={search_term_string}"},"query-input":{"@type":"PropertyValueSpecification","valueRequired":true,"valueName":"search_term_string"}}],"inLanguage":"hu"},{"@type":"Organization","@id":"https:\/\/aisstechnologies.com\/#organization","name":"AISS Technologies","url":"https:\/\/aisstechnologies.com\/","logo":{"@type":"ImageObject","inLanguage":"hu","@id":"https:\/\/aisstechnologies.com\/#\/schema\/logo\/image\/","url":"https:\/\/aisstechnologies.com\/wp-content\/uploads\/2021\/10\/AiSS_logo_White.svg","contentUrl":"https:\/\/aisstechnologies.com\/wp-content\/uploads\/2021\/10\/AiSS_logo_White.svg","width":141,"height":100,"caption":"AISS Technologies"},"image":{"@id":"https:\/\/aisstechnologies.com\/#\/schema\/logo\/image\/"}}]}},"_links":{"self":[{"href":"https:\/\/aisstechnologies.com\/hu\/wp-json\/wp\/v2\/pages\/1404","targetHints":{"allow":["GET"]}}],"collection":[{"href":"https:\/\/aisstechnologies.com\/hu\/wp-json\/wp\/v2\/pages"}],"about":[{"href":"https:\/\/aisstechnologies.com\/hu\/wp-json\/wp\/v2\/types\/page"}],"author":[{"embeddable":true,"href":"https:\/\/aisstechnologies.com\/hu\/wp-json\/wp\/v2\/users\/3"}],"replies":[{"embeddable":true,"href":"https:\/\/aisstechnologies.com\/hu\/wp-json\/wp\/v2\/comments?post=1404"}],"version-history":[{"count":5,"href":"https:\/\/aisstechnologies.com\/hu\/wp-json\/wp\/v2\/pages\/1404\/revisions"}],"predecessor-version":[{"id":1420,"href":"https:\/\/aisstechnologies.com\/hu\/wp-json\/wp\/v2\/pages\/1404\/revisions\/1420"}],"wp:attachment":[{"href":"https:\/\/aisstechnologies.com\/hu\/wp-json\/wp\/v2\/media?parent=1404"}],"curies":[{"name":"wp","href":"https:\/\/api.w.org\/{rel}","templated":true}]}}